{"id":28,"date":"2025-10-14T16:13:11","date_gmt":"2025-10-14T14:13:11","guid":{"rendered":"http:\/\/harpernew.amplifier.ch\/?page_id=28"},"modified":"2025-10-16T14:35:03","modified_gmt":"2025-10-16T12:35:03","slug":"harper-silvertube-ten","status":"publish","type":"page","link":"http:\/\/harpernew.amplifier.ch\/index.php\/harper-silvertube-combo\/harper-silvertube-ten\/","title":{"rendered":"HARPER Silvertube TEN 110"},"content":{"rendered":"\n<p>Ideal mit  Single Coil Gitarren.<br>Sehr sch\u00f6ne H\u00f6hen ohne schrill zu werden. Knackige B\u00e4sse.<br>Mit abgerundetem Klangbild.<br>Gute Lead Sound mit dem 10&#8243; Lautsprecher<\/p>\n\n\n\n<p>2x EL84<br>1xECC81\/12AT7<br>1xECC83\/12AX7<br>10&#8243; Jensen Speaker<\/p>\n\n\n\n<p><strong>Geh\u00e4use<\/strong> Eiche natur<br><strong>Masse<\/strong>: (HxBxT)  40cm x 47 cm x 22cm, Gewicht: 12,2kg<\/p>\n\n\n\n<p><strong>Frontpanel:<\/strong><br>Input1,  Input2,  Volume, Treble, Middle, Bass, Reverb, Bright, Triode<br><strong>Backpanel:<\/strong><br>Power Switch, LS Anschluss 8 Ohm<\/p>\n\n\n\n<figure class=\"wp-block-image size-full\"><img loading=\"lazy\" decoding=\"async\" width=\"454\" height=\"386\" src=\"http:\/\/harpernew.amplifier.ch\/wp-content\/uploads\/2025\/10\/HARPER_TEN_WP.jpg\" alt=\"\" class=\"wp-image-74\" srcset=\"http:\/\/harpernew.amplifier.ch\/wp-content\/uploads\/2025\/10\/HARPER_TEN_WP.jpg 454w, http:\/\/harpernew.amplifier.ch\/wp-content\/uploads\/2025\/10\/HARPER_TEN_WP-300x255.jpg 300w\" sizes=\"auto, (max-width: 454px) 100vw, 454px\" \/><\/figure>\n\n\n\n<p>ArtNr 33-2167   <strong>Listenpreis:<\/strong> CHF 1480.00<\/p>\n\n\n\n<p><\/p>\n","protected":false},"excerpt":{"rendered":"<p>Ideal mit Single Coil Gitarren.Sehr sch\u00f6ne H\u00f6hen ohne schrill zu werden. Knackige B\u00e4sse.Mit abgerundetem Klangbild.Gute Lead Sound mit dem 10&#8243; Lautsprecher 2x EL841xECC81\/12AT71xECC83\/12AX710&#8243; Jensen Speaker Geh\u00e4use Eiche naturMasse: (HxBxT) 40cm x 47 cm x 22cm, Gewicht: 12,2kg Frontpanel:Input1, Input2, Volume, Treble, Middle, Bass, Reverb, Bright, TriodeBackpanel:Power Switch, LS Anschluss 8 Ohm ArtNr 33-2167 Listenpreis: CHF &hellip; <a href=\"http:\/\/harpernew.amplifier.ch\/index.php\/harper-silvertube-combo\/harper-silvertube-ten\/\" class=\"more-link\"><span class=\"screen-reader-text\">HARPER Silvertube TEN 110<\/span> weiterlesen <span class=\"meta-nav\">&rarr;<\/span><\/a><\/p>\n","protected":false},"author":1,"featured_media":0,"parent":12,"menu_order":215,"comment_status":"closed","ping_status":"closed","template":"","meta":{"footnotes":""},"class_list":["post-28","page","type-page","status-publish","hentry"],"yoast_head":"<!-- This site is optimized with the Yoast SEO plugin v26.4 - https:\/\/yoast.com\/wordpress\/plugins\/seo\/ -->\n<title>HARPER Silvertube TEN 110 - HARPER Amplifier<\/title>\n<meta name=\"robots\" content=\"index, follow, max-snippet:-1, max-image-preview:large, max-video-preview:-1\" \/>\n<link rel=\"canonical\" href=\"http:\/\/harpernew.amplifier.ch\/index.php\/harper-silvertube-combo\/harper-silvertube-ten\/\" \/>\n<meta property=\"og:locale\" content=\"de_DE\" \/>\n<meta property=\"og:type\" content=\"article\" \/>\n<meta property=\"og:title\" content=\"HARPER Silvertube TEN 110 - HARPER Amplifier\" \/>\n<meta property=\"og:description\" content=\"Ideal mit Single Coil Gitarren.Sehr sch\u00f6ne H\u00f6hen ohne schrill zu werden. Knackige B\u00e4sse.Mit abgerundetem Klangbild.Gute Lead Sound mit dem 10&#8243; Lautsprecher 2x EL841xECC81\/12AT71xECC83\/12AX710&#8243; Jensen Speaker Geh\u00e4use Eiche naturMasse: (HxBxT) 40cm x 47 cm x 22cm, Gewicht: 12,2kg Frontpanel:Input1, Input2, Volume, Treble, Middle, Bass, Reverb, Bright, TriodeBackpanel:Power Switch, LS Anschluss 8 Ohm ArtNr 33-2167 Listenpreis: CHF &hellip; HARPER Silvertube TEN 110 weiterlesen &rarr;\" \/>\n<meta property=\"og:url\" content=\"http:\/\/harpernew.amplifier.ch\/index.php\/harper-silvertube-combo\/harper-silvertube-ten\/\" \/>\n<meta property=\"og:site_name\" content=\"HARPER Amplifier\" \/>\n<meta property=\"article:modified_time\" content=\"2025-10-16T12:35:03+00:00\" \/>\n<meta property=\"og:image\" content=\"http:\/\/harpernew.amplifier.ch\/wp-content\/uploads\/2025\/10\/HARPER_TEN_WP.jpg\" \/>\n<meta name=\"twitter:card\" content=\"summary_large_image\" \/>\n<script type=\"application\/ld+json\" class=\"yoast-schema-graph\">{\"@context\":\"https:\/\/schema.org\",\"@graph\":[{\"@type\":\"WebPage\",\"@id\":\"http:\/\/harpernew.amplifier.ch\/index.php\/harper-silvertube-combo\/harper-silvertube-ten\/\",\"url\":\"http:\/\/harpernew.amplifier.ch\/index.php\/harper-silvertube-combo\/harper-silvertube-ten\/\",\"name\":\"HARPER Silvertube TEN 110 - HARPER Amplifier\",\"isPartOf\":{\"@id\":\"http:\/\/harpernew.amplifier.ch\/#website\"},\"primaryImageOfPage\":{\"@id\":\"http:\/\/harpernew.amplifier.ch\/index.php\/harper-silvertube-combo\/harper-silvertube-ten\/#primaryimage\"},\"image\":{\"@id\":\"http:\/\/harpernew.amplifier.ch\/index.php\/harper-silvertube-combo\/harper-silvertube-ten\/#primaryimage\"},\"thumbnailUrl\":\"http:\/\/harpernew.amplifier.ch\/wp-content\/uploads\/2025\/10\/HARPER_TEN_WP.jpg\",\"datePublished\":\"2025-10-14T14:13:11+00:00\",\"dateModified\":\"2025-10-16T12:35:03+00:00\",\"breadcrumb\":{\"@id\":\"http:\/\/harpernew.amplifier.ch\/index.php\/harper-silvertube-combo\/harper-silvertube-ten\/#breadcrumb\"},\"inLanguage\":\"de-CH\",\"potentialAction\":[{\"@type\":\"ReadAction\",\"target\":[\"http:\/\/harpernew.amplifier.ch\/index.php\/harper-silvertube-combo\/harper-silvertube-ten\/\"]}]},{\"@type\":\"ImageObject\",\"inLanguage\":\"de-CH\",\"@id\":\"http:\/\/harpernew.amplifier.ch\/index.php\/harper-silvertube-combo\/harper-silvertube-ten\/#primaryimage\",\"url\":\"http:\/\/harpernew.amplifier.ch\/wp-content\/uploads\/2025\/10\/HARPER_TEN_WP.jpg\",\"contentUrl\":\"http:\/\/harpernew.amplifier.ch\/wp-content\/uploads\/2025\/10\/HARPER_TEN_WP.jpg\",\"width\":454,\"height\":386},{\"@type\":\"BreadcrumbList\",\"@id\":\"http:\/\/harpernew.amplifier.ch\/index.php\/harper-silvertube-combo\/harper-silvertube-ten\/#breadcrumb\",\"itemListElement\":[{\"@type\":\"ListItem\",\"position\":1,\"name\":\"Startseite\",\"item\":\"http:\/\/harpernew.amplifier.ch\/\"},{\"@type\":\"ListItem\",\"position\":2,\"name\":\"HARPER Silvertube Mk2\",\"item\":\"http:\/\/harpernew.amplifier.ch\/index.php\/harper-silvertube-combo\/\"},{\"@type\":\"ListItem\",\"position\":3,\"name\":\"HARPER Silvertube TEN 110\"}]},{\"@type\":\"WebSite\",\"@id\":\"http:\/\/harpernew.amplifier.ch\/#website\",\"url\":\"http:\/\/harpernew.amplifier.ch\/\",\"name\":\"HARPER Amplifier\",\"description\":\"Amplifiers aus der Schweiz\",\"publisher\":{\"@id\":\"http:\/\/harpernew.amplifier.ch\/#organization\"},\"potentialAction\":[{\"@type\":\"SearchAction\",\"target\":{\"@type\":\"EntryPoint\",\"urlTemplate\":\"http:\/\/harpernew.amplifier.ch\/?s={search_term_string}\"},\"query-input\":{\"@type\":\"PropertyValueSpecification\",\"valueRequired\":true,\"valueName\":\"search_term_string\"}}],\"inLanguage\":\"de-CH\"},{\"@type\":\"Organization\",\"@id\":\"http:\/\/harpernew.amplifier.ch\/#organization\",\"name\":\"HARPER Amplifier\",\"url\":\"http:\/\/harpernew.amplifier.ch\/\",\"logo\":{\"@type\":\"ImageObject\",\"inLanguage\":\"de-CH\",\"@id\":\"http:\/\/harpernew.amplifier.ch\/#\/schema\/logo\/image\/\",\"url\":\"http:\/\/harpernew.amplifier.ch\/wp-content\/uploads\/2025\/10\/LG_HarperHead.jpg\",\"contentUrl\":\"http:\/\/harpernew.amplifier.ch\/wp-content\/uploads\/2025\/10\/LG_HarperHead.jpg\",\"width\":339,\"height\":75,\"caption\":\"HARPER Amplifier\"},\"image\":{\"@id\":\"http:\/\/harpernew.amplifier.ch\/#\/schema\/logo\/image\/\"}}]}<\/script>\n<!-- \/ Yoast SEO plugin. -->","yoast_head_json":{"title":"HARPER Silvertube TEN 110 - HARPER Amplifier","robots":{"index":"index","follow":"follow","max-snippet":"max-snippet:-1","max-image-preview":"max-image-preview:large","max-video-preview":"max-video-preview:-1"},"canonical":"http:\/\/harpernew.amplifier.ch\/index.php\/harper-silvertube-combo\/harper-silvertube-ten\/","og_locale":"de_DE","og_type":"article","og_title":"HARPER Silvertube TEN 110 - HARPER Amplifier","og_description":"Ideal mit Single Coil Gitarren.Sehr sch\u00f6ne H\u00f6hen ohne schrill zu werden. Knackige B\u00e4sse.Mit abgerundetem Klangbild.Gute Lead Sound mit dem 10&#8243; Lautsprecher 2x EL841xECC81\/12AT71xECC83\/12AX710&#8243; Jensen Speaker Geh\u00e4use Eiche naturMasse: (HxBxT) 40cm x 47 cm x 22cm, Gewicht: 12,2kg Frontpanel:Input1, Input2, Volume, Treble, Middle, Bass, Reverb, Bright, TriodeBackpanel:Power Switch, LS Anschluss 8 Ohm ArtNr 33-2167 Listenpreis: CHF &hellip; HARPER Silvertube TEN 110 weiterlesen &rarr;","og_url":"http:\/\/harpernew.amplifier.ch\/index.php\/harper-silvertube-combo\/harper-silvertube-ten\/","og_site_name":"HARPER Amplifier","article_modified_time":"2025-10-16T12:35:03+00:00","og_image":[{"url":"http:\/\/harpernew.amplifier.ch\/wp-content\/uploads\/2025\/10\/HARPER_TEN_WP.jpg","type":"","width":"","height":""}],"twitter_card":"summary_large_image","schema":{"@context":"https:\/\/schema.org","@graph":[{"@type":"WebPage","@id":"http:\/\/harpernew.amplifier.ch\/index.php\/harper-silvertube-combo\/harper-silvertube-ten\/","url":"http:\/\/harpernew.amplifier.ch\/index.php\/harper-silvertube-combo\/harper-silvertube-ten\/","name":"HARPER Silvertube TEN 110 - HARPER Amplifier","isPartOf":{"@id":"http:\/\/harpernew.amplifier.ch\/#website"},"primaryImageOfPage":{"@id":"http:\/\/harpernew.amplifier.ch\/index.php\/harper-silvertube-combo\/harper-silvertube-ten\/#primaryimage"},"image":{"@id":"http:\/\/harpernew.amplifier.ch\/index.php\/harper-silvertube-combo\/harper-silvertube-ten\/#primaryimage"},"thumbnailUrl":"http:\/\/harpernew.amplifier.ch\/wp-content\/uploads\/2025\/10\/HARPER_TEN_WP.jpg","datePublished":"2025-10-14T14:13:11+00:00","dateModified":"2025-10-16T12:35:03+00:00","breadcrumb":{"@id":"http:\/\/harpernew.amplifier.ch\/index.php\/harper-silvertube-combo\/harper-silvertube-ten\/#breadcrumb"},"inLanguage":"de-CH","potentialAction":[{"@type":"ReadAction","target":["http:\/\/harpernew.amplifier.ch\/index.php\/harper-silvertube-combo\/harper-silvertube-ten\/"]}]},{"@type":"ImageObject","inLanguage":"de-CH","@id":"http:\/\/harpernew.amplifier.ch\/index.php\/harper-silvertube-combo\/harper-silvertube-ten\/#primaryimage","url":"http:\/\/harpernew.amplifier.ch\/wp-content\/uploads\/2025\/10\/HARPER_TEN_WP.jpg","contentUrl":"http:\/\/harpernew.amplifier.ch\/wp-content\/uploads\/2025\/10\/HARPER_TEN_WP.jpg","width":454,"height":386},{"@type":"BreadcrumbList","@id":"http:\/\/harpernew.amplifier.ch\/index.php\/harper-silvertube-combo\/harper-silvertube-ten\/#breadcrumb","itemListElement":[{"@type":"ListItem","position":1,"name":"Startseite","item":"http:\/\/harpernew.amplifier.ch\/"},{"@type":"ListItem","position":2,"name":"HARPER Silvertube Mk2","item":"http:\/\/harpernew.amplifier.ch\/index.php\/harper-silvertube-combo\/"},{"@type":"ListItem","position":3,"name":"HARPER Silvertube TEN 110"}]},{"@type":"WebSite","@id":"http:\/\/harpernew.amplifier.ch\/#website","url":"http:\/\/harpernew.amplifier.ch\/","name":"HARPER Amplifier","description":"Amplifiers aus der Schweiz","publisher":{"@id":"http:\/\/harpernew.amplifier.ch\/#organization"},"potentialAction":[{"@type":"SearchAction","target":{"@type":"EntryPoint","urlTemplate":"http:\/\/harpernew.amplifier.ch\/?s={search_term_string}"},"query-input":{"@type":"PropertyValueSpecification","valueRequired":true,"valueName":"search_term_string"}}],"inLanguage":"de-CH"},{"@type":"Organization","@id":"http:\/\/harpernew.amplifier.ch\/#organization","name":"HARPER Amplifier","url":"http:\/\/harpernew.amplifier.ch\/","logo":{"@type":"ImageObject","inLanguage":"de-CH","@id":"http:\/\/harpernew.amplifier.ch\/#\/schema\/logo\/image\/","url":"http:\/\/harpernew.amplifier.ch\/wp-content\/uploads\/2025\/10\/LG_HarperHead.jpg","contentUrl":"http:\/\/harpernew.amplifier.ch\/wp-content\/uploads\/2025\/10\/LG_HarperHead.jpg","width":339,"height":75,"caption":"HARPER Amplifier"},"image":{"@id":"http:\/\/harpernew.amplifier.ch\/#\/schema\/logo\/image\/"}}]}},"_links":{"self":[{"href":"http:\/\/harpernew.amplifier.ch\/index.php\/wp-json\/wp\/v2\/pages\/28","targetHints":{"allow":["GET"]}}],"collection":[{"href":"http:\/\/harpernew.amplifier.ch\/index.php\/wp-json\/wp\/v2\/pages"}],"about":[{"href":"http:\/\/harpernew.amplifier.ch\/index.php\/wp-json\/wp\/v2\/types\/page"}],"author":[{"embeddable":true,"href":"http:\/\/harpernew.amplifier.ch\/index.php\/wp-json\/wp\/v2\/users\/1"}],"replies":[{"embeddable":true,"href":"http:\/\/harpernew.amplifier.ch\/index.php\/wp-json\/wp\/v2\/comments?post=28"}],"version-history":[{"count":9,"href":"http:\/\/harpernew.amplifier.ch\/index.php\/wp-json\/wp\/v2\/pages\/28\/revisions"}],"predecessor-version":[{"id":182,"href":"http:\/\/harpernew.amplifier.ch\/index.php\/wp-json\/wp\/v2\/pages\/28\/revisions\/182"}],"up":[{"embeddable":true,"href":"http:\/\/harpernew.amplifier.ch\/index.php\/wp-json\/wp\/v2\/pages\/12"}],"wp:attachment":[{"href":"http:\/\/harpernew.amplifier.ch\/index.php\/wp-json\/wp\/v2\/media?parent=28"}],"curies":[{"name":"wp","href":"https:\/\/api.w.org\/{rel}","templated":true}]}}