{"id":254,"date":"2025-10-27T11:41:05","date_gmt":"2025-10-27T10:41:05","guid":{"rendered":"http:\/\/harpernew.amplifier.ch\/?page_id=254"},"modified":"2025-10-27T11:52:40","modified_gmt":"2025-10-27T10:52:40","slug":"harper-pro-amp-harp","status":"publish","type":"page","link":"http:\/\/harpernew.amplifier.ch\/index.php\/harper-pro-amp-harp\/","title":{"rendered":"HARPER Pro Amp (Harp)"},"content":{"rendered":"\n<p>Der HARPER Pro f\u00fcr den Harp Spieler.<\/p>\n\n\n\n<p>Sehr sch\u00f6ne H\u00f6hen ohne schrill zu werden. Knackige B\u00e4sse.<br>Mit abgerundetem Klangbild.<br>Gute Volume Reserve.<br>ca 40 Watt RMS<\/p>\n\n\n\n<p>2x 6L6<br>1xECC81\/12AT7<br>1x12AU7<br>Accutronics Hall<br>12&#8243; Jensen Speaker<\/p>\n\n\n\n<p><strong>Geh\u00e4use:<\/strong> Birkensperrholz, Tolex Bezug<br><strong>Masse:<\/strong> (HxBxT) 45cm x 47cm x 22cm)<br><strong>Gewicht:<\/strong> 21Kg<\/p>\n\n\n\n<p><strong>Frontpanel:<\/strong><br>Input1, Input2, Volume, Treble, Middle, Bass, Reverb, Bright, Triode,<br> HI\/LO<br><strong>Backpanel:<\/strong> Power Switch, Fuse, 230V\/115V, Standby, 2x Speacker Jack, Impendanz 4\/8 Ohm<\/p>\n\n\n\n<figure class=\"wp-block-image size-large\"><img loading=\"lazy\" decoding=\"async\" width=\"1016\" height=\"1024\" src=\"http:\/\/harpernew.amplifier.ch\/wp-content\/uploads\/2025\/10\/Pro_Oak_WP-1016x1024.jpg\" alt=\"\" class=\"wp-image-258\" srcset=\"http:\/\/harpernew.amplifier.ch\/wp-content\/uploads\/2025\/10\/Pro_Oak_WP-1016x1024.jpg 1016w, http:\/\/harpernew.amplifier.ch\/wp-content\/uploads\/2025\/10\/Pro_Oak_WP-298x300.jpg 298w, http:\/\/harpernew.amplifier.ch\/wp-content\/uploads\/2025\/10\/Pro_Oak_WP-150x150.jpg 150w, http:\/\/harpernew.amplifier.ch\/wp-content\/uploads\/2025\/10\/Pro_Oak_WP-768x774.jpg 768w, http:\/\/harpernew.amplifier.ch\/wp-content\/uploads\/2025\/10\/Pro_Oak_WP.jpg 1181w\" sizes=\"auto, (max-width: 1016px) 100vw, 1016px\" \/><\/figure>\n\n\n\n<p class=\"has-text-align-right\">ArtNr 33-2130 <strong>Listenpreis:<\/strong> CHF 2440.00<\/p>\n","protected":false},"excerpt":{"rendered":"<p>Der HARPER Pro f\u00fcr den Harp Spieler. Sehr sch\u00f6ne H\u00f6hen ohne schrill zu werden. Knackige B\u00e4sse.Mit abgerundetem Klangbild.Gute Volume Reserve.ca 40 Watt RMS 2x 6L61xECC81\/12AT71x12AU7Accutronics Hall12&#8243; Jensen Speaker Geh\u00e4use: Birkensperrholz, Tolex BezugMasse: (HxBxT) 45cm x 47cm x 22cm)Gewicht: 21Kg Frontpanel:Input1, Input2, Volume, Treble, Middle, Bass, Reverb, Bright, Triode, HI\/LOBackpanel: Power Switch, Fuse, 230V\/115V, Standby, 2x &hellip; <a href=\"http:\/\/harpernew.amplifier.ch\/index.php\/harper-pro-amp-harp\/\" class=\"more-link\"><span class=\"screen-reader-text\">HARPER Pro Amp (Harp)<\/span> weiterlesen <span class=\"meta-nav\">&rarr;<\/span><\/a><\/p>\n","protected":false},"author":1,"featured_media":0,"parent":0,"menu_order":820,"comment_status":"closed","ping_status":"closed","template":"","meta":{"footnotes":""},"class_list":["post-254","page","type-page","status-publish","hentry"],"yoast_head":"<!-- This site is optimized with the Yoast SEO plugin v26.4 - https:\/\/yoast.com\/wordpress\/plugins\/seo\/ -->\n<title>HARPER Pro Amp (Harp) - HARPER Amplifier<\/title>\n<meta name=\"robots\" content=\"index, follow, max-snippet:-1, max-image-preview:large, max-video-preview:-1\" \/>\n<link rel=\"canonical\" href=\"http:\/\/harpernew.amplifier.ch\/index.php\/harper-pro-amp-harp\/\" \/>\n<meta property=\"og:locale\" content=\"de_DE\" \/>\n<meta property=\"og:type\" content=\"article\" \/>\n<meta property=\"og:title\" content=\"HARPER Pro Amp (Harp) - HARPER Amplifier\" \/>\n<meta property=\"og:description\" content=\"Der HARPER Pro f\u00fcr den Harp Spieler. Sehr sch\u00f6ne H\u00f6hen ohne schrill zu werden. Knackige B\u00e4sse.Mit abgerundetem Klangbild.Gute Volume Reserve.ca 40 Watt RMS 2x 6L61xECC81\/12AT71x12AU7Accutronics Hall12&#8243; Jensen Speaker Geh\u00e4use: Birkensperrholz, Tolex BezugMasse: (HxBxT) 45cm x 47cm x 22cm)Gewicht: 21Kg Frontpanel:Input1, Input2, Volume, Treble, Middle, Bass, Reverb, Bright, Triode, HI\/LOBackpanel: Power Switch, Fuse, 230V\/115V, Standby, 2x &hellip; HARPER Pro Amp (Harp) weiterlesen &rarr;\" \/>\n<meta property=\"og:url\" content=\"http:\/\/harpernew.amplifier.ch\/index.php\/harper-pro-amp-harp\/\" \/>\n<meta property=\"og:site_name\" content=\"HARPER Amplifier\" \/>\n<meta property=\"article:modified_time\" content=\"2025-10-27T10:52:40+00:00\" \/>\n<meta property=\"og:image\" content=\"http:\/\/harpernew.amplifier.ch\/wp-content\/uploads\/2025\/10\/Pro_Oak_WP-1016x1024.jpg\" \/>\n<meta name=\"twitter:card\" content=\"summary_large_image\" \/>\n<script type=\"application\/ld+json\" class=\"yoast-schema-graph\">{\"@context\":\"https:\/\/schema.org\",\"@graph\":[{\"@type\":\"WebPage\",\"@id\":\"http:\/\/harpernew.amplifier.ch\/index.php\/harper-pro-amp-harp\/\",\"url\":\"http:\/\/harpernew.amplifier.ch\/index.php\/harper-pro-amp-harp\/\",\"name\":\"HARPER Pro Amp (Harp) - HARPER Amplifier\",\"isPartOf\":{\"@id\":\"http:\/\/harpernew.amplifier.ch\/#website\"},\"primaryImageOfPage\":{\"@id\":\"http:\/\/harpernew.amplifier.ch\/index.php\/harper-pro-amp-harp\/#primaryimage\"},\"image\":{\"@id\":\"http:\/\/harpernew.amplifier.ch\/index.php\/harper-pro-amp-harp\/#primaryimage\"},\"thumbnailUrl\":\"http:\/\/harpernew.amplifier.ch\/wp-content\/uploads\/2025\/10\/Pro_Oak_WP-1016x1024.jpg\",\"datePublished\":\"2025-10-27T10:41:05+00:00\",\"dateModified\":\"2025-10-27T10:52:40+00:00\",\"breadcrumb\":{\"@id\":\"http:\/\/harpernew.amplifier.ch\/index.php\/harper-pro-amp-harp\/#breadcrumb\"},\"inLanguage\":\"de-CH\",\"potentialAction\":[{\"@type\":\"ReadAction\",\"target\":[\"http:\/\/harpernew.amplifier.ch\/index.php\/harper-pro-amp-harp\/\"]}]},{\"@type\":\"ImageObject\",\"inLanguage\":\"de-CH\",\"@id\":\"http:\/\/harpernew.amplifier.ch\/index.php\/harper-pro-amp-harp\/#primaryimage\",\"url\":\"http:\/\/harpernew.amplifier.ch\/wp-content\/uploads\/2025\/10\/Pro_Oak_WP.jpg\",\"contentUrl\":\"http:\/\/harpernew.amplifier.ch\/wp-content\/uploads\/2025\/10\/Pro_Oak_WP.jpg\",\"width\":1181,\"height\":1190},{\"@type\":\"BreadcrumbList\",\"@id\":\"http:\/\/harpernew.amplifier.ch\/index.php\/harper-pro-amp-harp\/#breadcrumb\",\"itemListElement\":[{\"@type\":\"ListItem\",\"position\":1,\"name\":\"Startseite\",\"item\":\"http:\/\/harpernew.amplifier.ch\/\"},{\"@type\":\"ListItem\",\"position\":2,\"name\":\"HARPER Pro Amp (Harp)\"}]},{\"@type\":\"WebSite\",\"@id\":\"http:\/\/harpernew.amplifier.ch\/#website\",\"url\":\"http:\/\/harpernew.amplifier.ch\/\",\"name\":\"HARPER Amplifier\",\"description\":\"Amplifiers aus der Schweiz\",\"publisher\":{\"@id\":\"http:\/\/harpernew.amplifier.ch\/#organization\"},\"potentialAction\":[{\"@type\":\"SearchAction\",\"target\":{\"@type\":\"EntryPoint\",\"urlTemplate\":\"http:\/\/harpernew.amplifier.ch\/?s={search_term_string}\"},\"query-input\":{\"@type\":\"PropertyValueSpecification\",\"valueRequired\":true,\"valueName\":\"search_term_string\"}}],\"inLanguage\":\"de-CH\"},{\"@type\":\"Organization\",\"@id\":\"http:\/\/harpernew.amplifier.ch\/#organization\",\"name\":\"HARPER Amplifier\",\"url\":\"http:\/\/harpernew.amplifier.ch\/\",\"logo\":{\"@type\":\"ImageObject\",\"inLanguage\":\"de-CH\",\"@id\":\"http:\/\/harpernew.amplifier.ch\/#\/schema\/logo\/image\/\",\"url\":\"http:\/\/harpernew.amplifier.ch\/wp-content\/uploads\/2025\/10\/LG_HarperHead.jpg\",\"contentUrl\":\"http:\/\/harpernew.amplifier.ch\/wp-content\/uploads\/2025\/10\/LG_HarperHead.jpg\",\"width\":339,\"height\":75,\"caption\":\"HARPER Amplifier\"},\"image\":{\"@id\":\"http:\/\/harpernew.amplifier.ch\/#\/schema\/logo\/image\/\"}}]}<\/script>\n<!-- \/ Yoast SEO plugin. -->","yoast_head_json":{"title":"HARPER Pro Amp (Harp) - HARPER Amplifier","robots":{"index":"index","follow":"follow","max-snippet":"max-snippet:-1","max-image-preview":"max-image-preview:large","max-video-preview":"max-video-preview:-1"},"canonical":"http:\/\/harpernew.amplifier.ch\/index.php\/harper-pro-amp-harp\/","og_locale":"de_DE","og_type":"article","og_title":"HARPER Pro Amp (Harp) - HARPER Amplifier","og_description":"Der HARPER Pro f\u00fcr den Harp Spieler. Sehr sch\u00f6ne H\u00f6hen ohne schrill zu werden. Knackige B\u00e4sse.Mit abgerundetem Klangbild.Gute Volume Reserve.ca 40 Watt RMS 2x 6L61xECC81\/12AT71x12AU7Accutronics Hall12&#8243; Jensen Speaker Geh\u00e4use: Birkensperrholz, Tolex BezugMasse: (HxBxT) 45cm x 47cm x 22cm)Gewicht: 21Kg Frontpanel:Input1, Input2, Volume, Treble, Middle, Bass, Reverb, Bright, Triode, HI\/LOBackpanel: Power Switch, Fuse, 230V\/115V, Standby, 2x &hellip; HARPER Pro Amp (Harp) weiterlesen &rarr;","og_url":"http:\/\/harpernew.amplifier.ch\/index.php\/harper-pro-amp-harp\/","og_site_name":"HARPER Amplifier","article_modified_time":"2025-10-27T10:52:40+00:00","og_image":[{"url":"http:\/\/harpernew.amplifier.ch\/wp-content\/uploads\/2025\/10\/Pro_Oak_WP-1016x1024.jpg","type":"","width":"","height":""}],"twitter_card":"summary_large_image","schema":{"@context":"https:\/\/schema.org","@graph":[{"@type":"WebPage","@id":"http:\/\/harpernew.amplifier.ch\/index.php\/harper-pro-amp-harp\/","url":"http:\/\/harpernew.amplifier.ch\/index.php\/harper-pro-amp-harp\/","name":"HARPER Pro Amp (Harp) - HARPER Amplifier","isPartOf":{"@id":"http:\/\/harpernew.amplifier.ch\/#website"},"primaryImageOfPage":{"@id":"http:\/\/harpernew.amplifier.ch\/index.php\/harper-pro-amp-harp\/#primaryimage"},"image":{"@id":"http:\/\/harpernew.amplifier.ch\/index.php\/harper-pro-amp-harp\/#primaryimage"},"thumbnailUrl":"http:\/\/harpernew.amplifier.ch\/wp-content\/uploads\/2025\/10\/Pro_Oak_WP-1016x1024.jpg","datePublished":"2025-10-27T10:41:05+00:00","dateModified":"2025-10-27T10:52:40+00:00","breadcrumb":{"@id":"http:\/\/harpernew.amplifier.ch\/index.php\/harper-pro-amp-harp\/#breadcrumb"},"inLanguage":"de-CH","potentialAction":[{"@type":"ReadAction","target":["http:\/\/harpernew.amplifier.ch\/index.php\/harper-pro-amp-harp\/"]}]},{"@type":"ImageObject","inLanguage":"de-CH","@id":"http:\/\/harpernew.amplifier.ch\/index.php\/harper-pro-amp-harp\/#primaryimage","url":"http:\/\/harpernew.amplifier.ch\/wp-content\/uploads\/2025\/10\/Pro_Oak_WP.jpg","contentUrl":"http:\/\/harpernew.amplifier.ch\/wp-content\/uploads\/2025\/10\/Pro_Oak_WP.jpg","width":1181,"height":1190},{"@type":"BreadcrumbList","@id":"http:\/\/harpernew.amplifier.ch\/index.php\/harper-pro-amp-harp\/#breadcrumb","itemListElement":[{"@type":"ListItem","position":1,"name":"Startseite","item":"http:\/\/harpernew.amplifier.ch\/"},{"@type":"ListItem","position":2,"name":"HARPER Pro Amp (Harp)"}]},{"@type":"WebSite","@id":"http:\/\/harpernew.amplifier.ch\/#website","url":"http:\/\/harpernew.amplifier.ch\/","name":"HARPER Amplifier","description":"Amplifiers aus der Schweiz","publisher":{"@id":"http:\/\/harpernew.amplifier.ch\/#organization"},"potentialAction":[{"@type":"SearchAction","target":{"@type":"EntryPoint","urlTemplate":"http:\/\/harpernew.amplifier.ch\/?s={search_term_string}"},"query-input":{"@type":"PropertyValueSpecification","valueRequired":true,"valueName":"search_term_string"}}],"inLanguage":"de-CH"},{"@type":"Organization","@id":"http:\/\/harpernew.amplifier.ch\/#organization","name":"HARPER Amplifier","url":"http:\/\/harpernew.amplifier.ch\/","logo":{"@type":"ImageObject","inLanguage":"de-CH","@id":"http:\/\/harpernew.amplifier.ch\/#\/schema\/logo\/image\/","url":"http:\/\/harpernew.amplifier.ch\/wp-content\/uploads\/2025\/10\/LG_HarperHead.jpg","contentUrl":"http:\/\/harpernew.amplifier.ch\/wp-content\/uploads\/2025\/10\/LG_HarperHead.jpg","width":339,"height":75,"caption":"HARPER Amplifier"},"image":{"@id":"http:\/\/harpernew.amplifier.ch\/#\/schema\/logo\/image\/"}}]}},"_links":{"self":[{"href":"http:\/\/harpernew.amplifier.ch\/index.php\/wp-json\/wp\/v2\/pages\/254","targetHints":{"allow":["GET"]}}],"collection":[{"href":"http:\/\/harpernew.amplifier.ch\/index.php\/wp-json\/wp\/v2\/pages"}],"about":[{"href":"http:\/\/harpernew.amplifier.ch\/index.php\/wp-json\/wp\/v2\/types\/page"}],"author":[{"embeddable":true,"href":"http:\/\/harpernew.amplifier.ch\/index.php\/wp-json\/wp\/v2\/users\/1"}],"replies":[{"embeddable":true,"href":"http:\/\/harpernew.amplifier.ch\/index.php\/wp-json\/wp\/v2\/comments?post=254"}],"version-history":[{"count":4,"href":"http:\/\/harpernew.amplifier.ch\/index.php\/wp-json\/wp\/v2\/pages\/254\/revisions"}],"predecessor-version":[{"id":261,"href":"http:\/\/harpernew.amplifier.ch\/index.php\/wp-json\/wp\/v2\/pages\/254\/revisions\/261"}],"wp:attachment":[{"href":"http:\/\/harpernew.amplifier.ch\/index.php\/wp-json\/wp\/v2\/media?parent=254"}],"curies":[{"name":"wp","href":"https:\/\/api.w.org\/{rel}","templated":true}]}}