{"id":170,"date":"2025-10-16T14:10:32","date_gmt":"2025-10-16T12:10:32","guid":{"rendered":"http:\/\/harpernew.amplifier.ch\/?page_id=170"},"modified":"2025-10-16T14:12:53","modified_gmt":"2025-10-16T12:12:53","slug":"harper-basstube","status":"publish","type":"page","link":"http:\/\/harpernew.amplifier.ch\/index.php\/harper-basstube\/","title":{"rendered":"HARPER Basstube"},"content":{"rendered":"\n<p>R\u00f6hrenverst\u00e4rker f\u00fcr Bass<\/p>\n","protected":false},"excerpt":{"rendered":"<p>R\u00f6hrenverst\u00e4rker f\u00fcr Bass<\/p>\n","protected":false},"author":1,"featured_media":0,"parent":0,"menu_order":500,"comment_status":"closed","ping_status":"closed","template":"","meta":{"footnotes":""},"class_list":["post-170","page","type-page","status-publish","hentry"],"yoast_head":"<!-- This site is optimized with the Yoast SEO plugin v26.4 - https:\/\/yoast.com\/wordpress\/plugins\/seo\/ -->\n<title>HARPER Basstube - HARPER Amplifier<\/title>\n<meta name=\"robots\" content=\"index, follow, max-snippet:-1, max-image-preview:large, max-video-preview:-1\" \/>\n<link rel=\"canonical\" href=\"http:\/\/harpernew.amplifier.ch\/index.php\/harper-basstube\/\" \/>\n<meta property=\"og:locale\" content=\"de_DE\" \/>\n<meta property=\"og:type\" content=\"article\" \/>\n<meta property=\"og:title\" content=\"HARPER Basstube - HARPER Amplifier\" \/>\n<meta property=\"og:description\" content=\"R\u00f6hrenverst\u00e4rker f\u00fcr Bass\" \/>\n<meta property=\"og:url\" content=\"http:\/\/harpernew.amplifier.ch\/index.php\/harper-basstube\/\" \/>\n<meta property=\"og:site_name\" content=\"HARPER Amplifier\" \/>\n<meta property=\"article:modified_time\" content=\"2025-10-16T12:12:53+00:00\" \/>\n<meta name=\"twitter:card\" content=\"summary_large_image\" \/>\n<script type=\"application\/ld+json\" class=\"yoast-schema-graph\">{\"@context\":\"https:\/\/schema.org\",\"@graph\":[{\"@type\":\"WebPage\",\"@id\":\"http:\/\/harpernew.amplifier.ch\/index.php\/harper-basstube\/\",\"url\":\"http:\/\/harpernew.amplifier.ch\/index.php\/harper-basstube\/\",\"name\":\"HARPER Basstube - HARPER Amplifier\",\"isPartOf\":{\"@id\":\"http:\/\/harpernew.amplifier.ch\/#website\"},\"datePublished\":\"2025-10-16T12:10:32+00:00\",\"dateModified\":\"2025-10-16T12:12:53+00:00\",\"breadcrumb\":{\"@id\":\"http:\/\/harpernew.amplifier.ch\/index.php\/harper-basstube\/#breadcrumb\"},\"inLanguage\":\"de-CH\",\"potentialAction\":[{\"@type\":\"ReadAction\",\"target\":[\"http:\/\/harpernew.amplifier.ch\/index.php\/harper-basstube\/\"]}]},{\"@type\":\"BreadcrumbList\",\"@id\":\"http:\/\/harpernew.amplifier.ch\/index.php\/harper-basstube\/#breadcrumb\",\"itemListElement\":[{\"@type\":\"ListItem\",\"position\":1,\"name\":\"Startseite\",\"item\":\"http:\/\/harpernew.amplifier.ch\/\"},{\"@type\":\"ListItem\",\"position\":2,\"name\":\"HARPER Basstube\"}]},{\"@type\":\"WebSite\",\"@id\":\"http:\/\/harpernew.amplifier.ch\/#website\",\"url\":\"http:\/\/harpernew.amplifier.ch\/\",\"name\":\"HARPER Amplifier\",\"description\":\"Amplifiers aus der Schweiz\",\"publisher\":{\"@id\":\"http:\/\/harpernew.amplifier.ch\/#organization\"},\"potentialAction\":[{\"@type\":\"SearchAction\",\"target\":{\"@type\":\"EntryPoint\",\"urlTemplate\":\"http:\/\/harpernew.amplifier.ch\/?s={search_term_string}\"},\"query-input\":{\"@type\":\"PropertyValueSpecification\",\"valueRequired\":true,\"valueName\":\"search_term_string\"}}],\"inLanguage\":\"de-CH\"},{\"@type\":\"Organization\",\"@id\":\"http:\/\/harpernew.amplifier.ch\/#organization\",\"name\":\"HARPER Amplifier\",\"url\":\"http:\/\/harpernew.amplifier.ch\/\",\"logo\":{\"@type\":\"ImageObject\",\"inLanguage\":\"de-CH\",\"@id\":\"http:\/\/harpernew.amplifier.ch\/#\/schema\/logo\/image\/\",\"url\":\"http:\/\/harpernew.amplifier.ch\/wp-content\/uploads\/2025\/10\/LG_HarperHead.jpg\",\"contentUrl\":\"http:\/\/harpernew.amplifier.ch\/wp-content\/uploads\/2025\/10\/LG_HarperHead.jpg\",\"width\":339,\"height\":75,\"caption\":\"HARPER Amplifier\"},\"image\":{\"@id\":\"http:\/\/harpernew.amplifier.ch\/#\/schema\/logo\/image\/\"}}]}<\/script>\n<!-- \/ Yoast SEO plugin. -->","yoast_head_json":{"title":"HARPER Basstube - HARPER Amplifier","robots":{"index":"index","follow":"follow","max-snippet":"max-snippet:-1","max-image-preview":"max-image-preview:large","max-video-preview":"max-video-preview:-1"},"canonical":"http:\/\/harpernew.amplifier.ch\/index.php\/harper-basstube\/","og_locale":"de_DE","og_type":"article","og_title":"HARPER Basstube - HARPER Amplifier","og_description":"R\u00f6hrenverst\u00e4rker f\u00fcr Bass","og_url":"http:\/\/harpernew.amplifier.ch\/index.php\/harper-basstube\/","og_site_name":"HARPER Amplifier","article_modified_time":"2025-10-16T12:12:53+00:00","twitter_card":"summary_large_image","schema":{"@context":"https:\/\/schema.org","@graph":[{"@type":"WebPage","@id":"http:\/\/harpernew.amplifier.ch\/index.php\/harper-basstube\/","url":"http:\/\/harpernew.amplifier.ch\/index.php\/harper-basstube\/","name":"HARPER Basstube - HARPER Amplifier","isPartOf":{"@id":"http:\/\/harpernew.amplifier.ch\/#website"},"datePublished":"2025-10-16T12:10:32+00:00","dateModified":"2025-10-16T12:12:53+00:00","breadcrumb":{"@id":"http:\/\/harpernew.amplifier.ch\/index.php\/harper-basstube\/#breadcrumb"},"inLanguage":"de-CH","potentialAction":[{"@type":"ReadAction","target":["http:\/\/harpernew.amplifier.ch\/index.php\/harper-basstube\/"]}]},{"@type":"BreadcrumbList","@id":"http:\/\/harpernew.amplifier.ch\/index.php\/harper-basstube\/#breadcrumb","itemListElement":[{"@type":"ListItem","position":1,"name":"Startseite","item":"http:\/\/harpernew.amplifier.ch\/"},{"@type":"ListItem","position":2,"name":"HARPER Basstube"}]},{"@type":"WebSite","@id":"http:\/\/harpernew.amplifier.ch\/#website","url":"http:\/\/harpernew.amplifier.ch\/","name":"HARPER Amplifier","description":"Amplifiers aus der Schweiz","publisher":{"@id":"http:\/\/harpernew.amplifier.ch\/#organization"},"potentialAction":[{"@type":"SearchAction","target":{"@type":"EntryPoint","urlTemplate":"http:\/\/harpernew.amplifier.ch\/?s={search_term_string}"},"query-input":{"@type":"PropertyValueSpecification","valueRequired":true,"valueName":"search_term_string"}}],"inLanguage":"de-CH"},{"@type":"Organization","@id":"http:\/\/harpernew.amplifier.ch\/#organization","name":"HARPER Amplifier","url":"http:\/\/harpernew.amplifier.ch\/","logo":{"@type":"ImageObject","inLanguage":"de-CH","@id":"http:\/\/harpernew.amplifier.ch\/#\/schema\/logo\/image\/","url":"http:\/\/harpernew.amplifier.ch\/wp-content\/uploads\/2025\/10\/LG_HarperHead.jpg","contentUrl":"http:\/\/harpernew.amplifier.ch\/wp-content\/uploads\/2025\/10\/LG_HarperHead.jpg","width":339,"height":75,"caption":"HARPER Amplifier"},"image":{"@id":"http:\/\/harpernew.amplifier.ch\/#\/schema\/logo\/image\/"}}]}},"_links":{"self":[{"href":"http:\/\/harpernew.amplifier.ch\/index.php\/wp-json\/wp\/v2\/pages\/170","targetHints":{"allow":["GET"]}}],"collection":[{"href":"http:\/\/harpernew.amplifier.ch\/index.php\/wp-json\/wp\/v2\/pages"}],"about":[{"href":"http:\/\/harpernew.amplifier.ch\/index.php\/wp-json\/wp\/v2\/types\/page"}],"author":[{"embeddable":true,"href":"http:\/\/harpernew.amplifier.ch\/index.php\/wp-json\/wp\/v2\/users\/1"}],"replies":[{"embeddable":true,"href":"http:\/\/harpernew.amplifier.ch\/index.php\/wp-json\/wp\/v2\/comments?post=170"}],"version-history":[{"count":2,"href":"http:\/\/harpernew.amplifier.ch\/index.php\/wp-json\/wp\/v2\/pages\/170\/revisions"}],"predecessor-version":[{"id":212,"href":"http:\/\/harpernew.amplifier.ch\/index.php\/wp-json\/wp\/v2\/pages\/170\/revisions\/212"}],"wp:attachment":[{"href":"http:\/\/harpernew.amplifier.ch\/index.php\/wp-json\/wp\/v2\/media?parent=170"}],"curies":[{"name":"wp","href":"https:\/\/api.w.org\/{rel}","templated":true}]}}