{"id":166,"date":"2025-10-16T14:04:59","date_gmt":"2025-10-16T12:04:59","guid":{"rendered":"http:\/\/harpernew.amplifier.ch\/?page_id=166"},"modified":"2025-11-04T12:00:04","modified_gmt":"2025-11-04T11:00:04","slug":"harper-silvertube-25-10-mk1","status":"publish","type":"page","link":"http:\/\/harpernew.amplifier.ch\/index.php\/harper-guitar-combo\/harper-silvertube-25-10-mk1\/","title":{"rendered":"HARPER Silvertube 25-10 Mk1"},"content":{"rendered":"\n<p>R\u00f6hrenverst\u00e4rker f\u00fcr Gitarre<br>2xEL84<br>2x12AX7<br>mit Celestion 10&#8243; Loudspeaker<br><\/p>\n\n\n\n<p><strong>Geh\u00e4use:<\/strong> Birkensperrholz, Tolex Bezug<strong><br>Masse:<\/strong> (HxBxT) 39cm x 47cm x 22cm<br><strong>Gewicht:<\/strong> 16Kg<br>ca 25 Watt RMS<\/p>\n\n\n\n<p><strong>Frontpanel:<\/strong><br>Input1, Input2, Volume, Treble, Middle, Bass, Reverb<br><strong>Backpanel:<\/strong><br>Power Switch, Fuse, Speaker Anschluss 8 Ohm<\/p>\n\n\n\n<figure class=\"wp-block-image size-full is-resized is-style-default\"><img loading=\"lazy\" decoding=\"async\" width=\"283\" height=\"225\" src=\"http:\/\/harpernew.amplifier.ch\/wp-content\/uploads\/2025\/10\/Silvertube-25S.jpg\" alt=\"\" class=\"wp-image-271\" style=\"width:504px;height:auto\"\/><\/figure>\n\n\n\n<p>ArtNr 33-2100 <strong>Listenpreis:<\/strong> CHF 980.00<\/p>\n\n\n\n<p><\/p>\n","protected":false},"excerpt":{"rendered":"<p>R\u00f6hrenverst\u00e4rker f\u00fcr Gitarre2xEL842x12AX7mit Celestion 10&#8243; Loudspeaker Geh\u00e4use: Birkensperrholz, Tolex BezugMasse: (HxBxT) 39cm x 47cm x 22cmGewicht: 16Kgca 25 Watt RMS Frontpanel:Input1, Input2, Volume, Treble, Middle, Bass, ReverbBackpanel:Power Switch, Fuse, Speaker Anschluss 8 Ohm ArtNr 33-2100 Listenpreis: CHF 980.00<\/p>\n","protected":false},"author":1,"featured_media":0,"parent":10,"menu_order":0,"comment_status":"closed","ping_status":"closed","template":"","meta":{"footnotes":""},"class_list":["post-166","page","type-page","status-publish","hentry"],"yoast_head":"<!-- This site is optimized with the Yoast SEO plugin v26.4 - https:\/\/yoast.com\/wordpress\/plugins\/seo\/ -->\n<title>HARPER Silvertube 25-10 Mk1 - HARPER Amplifier<\/title>\n<meta name=\"robots\" content=\"index, follow, max-snippet:-1, max-image-preview:large, max-video-preview:-1\" \/>\n<link rel=\"canonical\" href=\"http:\/\/harpernew.amplifier.ch\/index.php\/harper-guitar-combo\/harper-silvertube-25-10-mk1\/\" \/>\n<meta property=\"og:locale\" content=\"de_DE\" \/>\n<meta property=\"og:type\" content=\"article\" \/>\n<meta property=\"og:title\" content=\"HARPER Silvertube 25-10 Mk1 - HARPER Amplifier\" \/>\n<meta property=\"og:description\" content=\"R\u00f6hrenverst\u00e4rker f\u00fcr Gitarre2xEL842x12AX7mit Celestion 10&#8243; Loudspeaker Geh\u00e4use: Birkensperrholz, Tolex BezugMasse: (HxBxT) 39cm x 47cm x 22cmGewicht: 16Kgca 25 Watt RMS Frontpanel:Input1, Input2, Volume, Treble, Middle, Bass, ReverbBackpanel:Power Switch, Fuse, Speaker Anschluss 8 Ohm ArtNr 33-2100 Listenpreis: CHF 980.00\" \/>\n<meta property=\"og:url\" content=\"http:\/\/harpernew.amplifier.ch\/index.php\/harper-guitar-combo\/harper-silvertube-25-10-mk1\/\" \/>\n<meta property=\"og:site_name\" content=\"HARPER Amplifier\" \/>\n<meta property=\"article:modified_time\" content=\"2025-11-04T11:00:04+00:00\" \/>\n<meta property=\"og:image\" content=\"http:\/\/harpernew.amplifier.ch\/wp-content\/uploads\/2025\/10\/Silvertube-25S.jpg\" \/>\n<meta name=\"twitter:card\" content=\"summary_large_image\" \/>\n<script type=\"application\/ld+json\" class=\"yoast-schema-graph\">{\"@context\":\"https:\/\/schema.org\",\"@graph\":[{\"@type\":\"WebPage\",\"@id\":\"http:\/\/harpernew.amplifier.ch\/index.php\/harper-guitar-combo\/harper-silvertube-25-10-mk1\/\",\"url\":\"http:\/\/harpernew.amplifier.ch\/index.php\/harper-guitar-combo\/harper-silvertube-25-10-mk1\/\",\"name\":\"HARPER Silvertube 25-10 Mk1 - HARPER Amplifier\",\"isPartOf\":{\"@id\":\"http:\/\/harpernew.amplifier.ch\/#website\"},\"primaryImageOfPage\":{\"@id\":\"http:\/\/harpernew.amplifier.ch\/index.php\/harper-guitar-combo\/harper-silvertube-25-10-mk1\/#primaryimage\"},\"image\":{\"@id\":\"http:\/\/harpernew.amplifier.ch\/index.php\/harper-guitar-combo\/harper-silvertube-25-10-mk1\/#primaryimage\"},\"thumbnailUrl\":\"http:\/\/harpernew.amplifier.ch\/wp-content\/uploads\/2025\/10\/Silvertube-25S.jpg\",\"datePublished\":\"2025-10-16T12:04:59+00:00\",\"dateModified\":\"2025-11-04T11:00:04+00:00\",\"breadcrumb\":{\"@id\":\"http:\/\/harpernew.amplifier.ch\/index.php\/harper-guitar-combo\/harper-silvertube-25-10-mk1\/#breadcrumb\"},\"inLanguage\":\"de-CH\",\"potentialAction\":[{\"@type\":\"ReadAction\",\"target\":[\"http:\/\/harpernew.amplifier.ch\/index.php\/harper-guitar-combo\/harper-silvertube-25-10-mk1\/\"]}]},{\"@type\":\"ImageObject\",\"inLanguage\":\"de-CH\",\"@id\":\"http:\/\/harpernew.amplifier.ch\/index.php\/harper-guitar-combo\/harper-silvertube-25-10-mk1\/#primaryimage\",\"url\":\"http:\/\/harpernew.amplifier.ch\/wp-content\/uploads\/2025\/10\/Silvertube-25S.jpg\",\"contentUrl\":\"http:\/\/harpernew.amplifier.ch\/wp-content\/uploads\/2025\/10\/Silvertube-25S.jpg\",\"width\":283,\"height\":225},{\"@type\":\"BreadcrumbList\",\"@id\":\"http:\/\/harpernew.amplifier.ch\/index.php\/harper-guitar-combo\/harper-silvertube-25-10-mk1\/#breadcrumb\",\"itemListElement\":[{\"@type\":\"ListItem\",\"position\":1,\"name\":\"Startseite\",\"item\":\"http:\/\/harpernew.amplifier.ch\/\"},{\"@type\":\"ListItem\",\"position\":2,\"name\":\"HARPER Silvertube Mk1\",\"item\":\"http:\/\/harpernew.amplifier.ch\/index.php\/harper-guitar-combo\/\"},{\"@type\":\"ListItem\",\"position\":3,\"name\":\"HARPER Silvertube 25-10 Mk1\"}]},{\"@type\":\"WebSite\",\"@id\":\"http:\/\/harpernew.amplifier.ch\/#website\",\"url\":\"http:\/\/harpernew.amplifier.ch\/\",\"name\":\"HARPER Amplifier\",\"description\":\"Amplifiers aus der Schweiz\",\"publisher\":{\"@id\":\"http:\/\/harpernew.amplifier.ch\/#organization\"},\"potentialAction\":[{\"@type\":\"SearchAction\",\"target\":{\"@type\":\"EntryPoint\",\"urlTemplate\":\"http:\/\/harpernew.amplifier.ch\/?s={search_term_string}\"},\"query-input\":{\"@type\":\"PropertyValueSpecification\",\"valueRequired\":true,\"valueName\":\"search_term_string\"}}],\"inLanguage\":\"de-CH\"},{\"@type\":\"Organization\",\"@id\":\"http:\/\/harpernew.amplifier.ch\/#organization\",\"name\":\"HARPER Amplifier\",\"url\":\"http:\/\/harpernew.amplifier.ch\/\",\"logo\":{\"@type\":\"ImageObject\",\"inLanguage\":\"de-CH\",\"@id\":\"http:\/\/harpernew.amplifier.ch\/#\/schema\/logo\/image\/\",\"url\":\"http:\/\/harpernew.amplifier.ch\/wp-content\/uploads\/2025\/10\/LG_HarperHead.jpg\",\"contentUrl\":\"http:\/\/harpernew.amplifier.ch\/wp-content\/uploads\/2025\/10\/LG_HarperHead.jpg\",\"width\":339,\"height\":75,\"caption\":\"HARPER Amplifier\"},\"image\":{\"@id\":\"http:\/\/harpernew.amplifier.ch\/#\/schema\/logo\/image\/\"}}]}<\/script>\n<!-- \/ Yoast SEO plugin. -->","yoast_head_json":{"title":"HARPER Silvertube 25-10 Mk1 - HARPER Amplifier","robots":{"index":"index","follow":"follow","max-snippet":"max-snippet:-1","max-image-preview":"max-image-preview:large","max-video-preview":"max-video-preview:-1"},"canonical":"http:\/\/harpernew.amplifier.ch\/index.php\/harper-guitar-combo\/harper-silvertube-25-10-mk1\/","og_locale":"de_DE","og_type":"article","og_title":"HARPER Silvertube 25-10 Mk1 - HARPER Amplifier","og_description":"R\u00f6hrenverst\u00e4rker f\u00fcr Gitarre2xEL842x12AX7mit Celestion 10&#8243; Loudspeaker Geh\u00e4use: Birkensperrholz, Tolex BezugMasse: (HxBxT) 39cm x 47cm x 22cmGewicht: 16Kgca 25 Watt RMS Frontpanel:Input1, Input2, Volume, Treble, Middle, Bass, ReverbBackpanel:Power Switch, Fuse, Speaker Anschluss 8 Ohm ArtNr 33-2100 Listenpreis: CHF 980.00","og_url":"http:\/\/harpernew.amplifier.ch\/index.php\/harper-guitar-combo\/harper-silvertube-25-10-mk1\/","og_site_name":"HARPER Amplifier","article_modified_time":"2025-11-04T11:00:04+00:00","og_image":[{"url":"http:\/\/harpernew.amplifier.ch\/wp-content\/uploads\/2025\/10\/Silvertube-25S.jpg","type":"","width":"","height":""}],"twitter_card":"summary_large_image","schema":{"@context":"https:\/\/schema.org","@graph":[{"@type":"WebPage","@id":"http:\/\/harpernew.amplifier.ch\/index.php\/harper-guitar-combo\/harper-silvertube-25-10-mk1\/","url":"http:\/\/harpernew.amplifier.ch\/index.php\/harper-guitar-combo\/harper-silvertube-25-10-mk1\/","name":"HARPER Silvertube 25-10 Mk1 - HARPER Amplifier","isPartOf":{"@id":"http:\/\/harpernew.amplifier.ch\/#website"},"primaryImageOfPage":{"@id":"http:\/\/harpernew.amplifier.ch\/index.php\/harper-guitar-combo\/harper-silvertube-25-10-mk1\/#primaryimage"},"image":{"@id":"http:\/\/harpernew.amplifier.ch\/index.php\/harper-guitar-combo\/harper-silvertube-25-10-mk1\/#primaryimage"},"thumbnailUrl":"http:\/\/harpernew.amplifier.ch\/wp-content\/uploads\/2025\/10\/Silvertube-25S.jpg","datePublished":"2025-10-16T12:04:59+00:00","dateModified":"2025-11-04T11:00:04+00:00","breadcrumb":{"@id":"http:\/\/harpernew.amplifier.ch\/index.php\/harper-guitar-combo\/harper-silvertube-25-10-mk1\/#breadcrumb"},"inLanguage":"de-CH","potentialAction":[{"@type":"ReadAction","target":["http:\/\/harpernew.amplifier.ch\/index.php\/harper-guitar-combo\/harper-silvertube-25-10-mk1\/"]}]},{"@type":"ImageObject","inLanguage":"de-CH","@id":"http:\/\/harpernew.amplifier.ch\/index.php\/harper-guitar-combo\/harper-silvertube-25-10-mk1\/#primaryimage","url":"http:\/\/harpernew.amplifier.ch\/wp-content\/uploads\/2025\/10\/Silvertube-25S.jpg","contentUrl":"http:\/\/harpernew.amplifier.ch\/wp-content\/uploads\/2025\/10\/Silvertube-25S.jpg","width":283,"height":225},{"@type":"BreadcrumbList","@id":"http:\/\/harpernew.amplifier.ch\/index.php\/harper-guitar-combo\/harper-silvertube-25-10-mk1\/#breadcrumb","itemListElement":[{"@type":"ListItem","position":1,"name":"Startseite","item":"http:\/\/harpernew.amplifier.ch\/"},{"@type":"ListItem","position":2,"name":"HARPER Silvertube Mk1","item":"http:\/\/harpernew.amplifier.ch\/index.php\/harper-guitar-combo\/"},{"@type":"ListItem","position":3,"name":"HARPER Silvertube 25-10 Mk1"}]},{"@type":"WebSite","@id":"http:\/\/harpernew.amplifier.ch\/#website","url":"http:\/\/harpernew.amplifier.ch\/","name":"HARPER Amplifier","description":"Amplifiers aus der Schweiz","publisher":{"@id":"http:\/\/harpernew.amplifier.ch\/#organization"},"potentialAction":[{"@type":"SearchAction","target":{"@type":"EntryPoint","urlTemplate":"http:\/\/harpernew.amplifier.ch\/?s={search_term_string}"},"query-input":{"@type":"PropertyValueSpecification","valueRequired":true,"valueName":"search_term_string"}}],"inLanguage":"de-CH"},{"@type":"Organization","@id":"http:\/\/harpernew.amplifier.ch\/#organization","name":"HARPER Amplifier","url":"http:\/\/harpernew.amplifier.ch\/","logo":{"@type":"ImageObject","inLanguage":"de-CH","@id":"http:\/\/harpernew.amplifier.ch\/#\/schema\/logo\/image\/","url":"http:\/\/harpernew.amplifier.ch\/wp-content\/uploads\/2025\/10\/LG_HarperHead.jpg","contentUrl":"http:\/\/harpernew.amplifier.ch\/wp-content\/uploads\/2025\/10\/LG_HarperHead.jpg","width":339,"height":75,"caption":"HARPER Amplifier"},"image":{"@id":"http:\/\/harpernew.amplifier.ch\/#\/schema\/logo\/image\/"}}]}},"_links":{"self":[{"href":"http:\/\/harpernew.amplifier.ch\/index.php\/wp-json\/wp\/v2\/pages\/166","targetHints":{"allow":["GET"]}}],"collection":[{"href":"http:\/\/harpernew.amplifier.ch\/index.php\/wp-json\/wp\/v2\/pages"}],"about":[{"href":"http:\/\/harpernew.amplifier.ch\/index.php\/wp-json\/wp\/v2\/types\/page"}],"author":[{"embeddable":true,"href":"http:\/\/harpernew.amplifier.ch\/index.php\/wp-json\/wp\/v2\/users\/1"}],"replies":[{"embeddable":true,"href":"http:\/\/harpernew.amplifier.ch\/index.php\/wp-json\/wp\/v2\/comments?post=166"}],"version-history":[{"count":8,"href":"http:\/\/harpernew.amplifier.ch\/index.php\/wp-json\/wp\/v2\/pages\/166\/revisions"}],"predecessor-version":[{"id":295,"href":"http:\/\/harpernew.amplifier.ch\/index.php\/wp-json\/wp\/v2\/pages\/166\/revisions\/295"}],"up":[{"embeddable":true,"href":"http:\/\/harpernew.amplifier.ch\/index.php\/wp-json\/wp\/v2\/pages\/10"}],"wp:attachment":[{"href":"http:\/\/harpernew.amplifier.ch\/index.php\/wp-json\/wp\/v2\/media?parent=166"}],"curies":[{"name":"wp","href":"https:\/\/api.w.org\/{rel}","templated":true}]}}