{"id":16,"date":"2025-10-14T16:03:02","date_gmt":"2025-10-14T14:03:02","guid":{"rendered":"http:\/\/harpernew.amplifier.ch\/?page_id=16"},"modified":"2025-10-20T16:39:58","modified_gmt":"2025-10-20T14:39:58","slug":"harper-basstube-head","status":"publish","type":"page","link":"http:\/\/harpernew.amplifier.ch\/index.php\/harper-basstube\/harper-basstube-head\/","title":{"rendered":"HARPER Basstube Head"},"content":{"rendered":"\n<p>Typischer R\u00f6hrensound.<\/p>\n\n\n\n<p>Sehr sch\u00f6ne H\u00f6hen ohne schrill zu werden. Knackige B\u00e4sse.<br>Mit abgerundetem Klangbild.<\/p>\n\n\n\n<p>2x 6L6<br>1xECC81\/12AT7<br>1xECC83\/12AX7<\/p>\n\n\n\n<p><strong>Geh\u00e4use:<\/strong><br>Birkensperrholz, Tolex Bezug<br>15kg, H 23cm \/ B 47 cm \/ T 22 cm<\/p>\n\n\n\n<p><strong>Frontpanel:<\/strong><br>Input1,  Input2,  Volume, Treble, Middle, Bass, Reverb, Deep, Triode<br><strong>Backpanel:<\/strong><br>Ground-Lift, DI-Out, 4 Ohm-8 Ohm Selector, 2x LS Out, Standby-Switch, Power, Voltage Selector 230V\/110V Fuse 3A<\/p>\n\n\n\n<figure class=\"wp-block-image size-large\"><img loading=\"lazy\" decoding=\"async\" width=\"1024\" height=\"506\" src=\"http:\/\/harpernew.amplifier.ch\/wp-content\/uploads\/2025\/10\/Basstube_WP-1024x506.jpg\" alt=\"\" class=\"wp-image-90\" srcset=\"http:\/\/harpernew.amplifier.ch\/wp-content\/uploads\/2025\/10\/Basstube_WP-1024x506.jpg 1024w, http:\/\/harpernew.amplifier.ch\/wp-content\/uploads\/2025\/10\/Basstube_WP-300x148.jpg 300w, http:\/\/harpernew.amplifier.ch\/wp-content\/uploads\/2025\/10\/Basstube_WP-768x379.jpg 768w, http:\/\/harpernew.amplifier.ch\/wp-content\/uploads\/2025\/10\/Basstube_WP-1536x758.jpg 1536w, http:\/\/harpernew.amplifier.ch\/wp-content\/uploads\/2025\/10\/Basstube_WP.jpg 1772w\" sizes=\"auto, (max-width: 1024px) 100vw, 1024px\" \/><\/figure>\n\n\n\n<p>33-2170 <strong>Listenpreis:<\/strong> 2150.00<\/p>\n","protected":false},"excerpt":{"rendered":"<p>Typischer R\u00f6hrensound. Sehr sch\u00f6ne H\u00f6hen ohne schrill zu werden. Knackige B\u00e4sse.Mit abgerundetem Klangbild. 2x 6L61xECC81\/12AT71xECC83\/12AX7 Geh\u00e4use:Birkensperrholz, Tolex Bezug15kg, H 23cm \/ B 47 cm \/ T 22 cm Frontpanel:Input1, Input2, Volume, Treble, Middle, Bass, Reverb, Deep, TriodeBackpanel:Ground-Lift, DI-Out, 4 Ohm-8 Ohm Selector, 2x LS Out, Standby-Switch, Power, Voltage Selector 230V\/110V Fuse 3A 33-2170 Listenpreis: 2150.00<\/p>\n","protected":false},"author":1,"featured_media":0,"parent":170,"menu_order":510,"comment_status":"closed","ping_status":"closed","template":"","meta":{"footnotes":""},"class_list":["post-16","page","type-page","status-publish","hentry"],"yoast_head":"<!-- This site is optimized with the Yoast SEO plugin v26.4 - https:\/\/yoast.com\/wordpress\/plugins\/seo\/ -->\n<title>HARPER Basstube Head - HARPER Amplifier<\/title>\n<meta name=\"robots\" content=\"index, follow, max-snippet:-1, max-image-preview:large, max-video-preview:-1\" \/>\n<link rel=\"canonical\" href=\"http:\/\/harpernew.amplifier.ch\/index.php\/harper-basstube\/harper-basstube-head\/\" \/>\n<meta property=\"og:locale\" content=\"de_DE\" \/>\n<meta property=\"og:type\" content=\"article\" \/>\n<meta property=\"og:title\" content=\"HARPER Basstube Head - HARPER Amplifier\" \/>\n<meta property=\"og:description\" content=\"Typischer R\u00f6hrensound. Sehr sch\u00f6ne H\u00f6hen ohne schrill zu werden. Knackige B\u00e4sse.Mit abgerundetem Klangbild. 2x 6L61xECC81\/12AT71xECC83\/12AX7 Geh\u00e4use:Birkensperrholz, Tolex Bezug15kg, H 23cm \/ B 47 cm \/ T 22 cm Frontpanel:Input1, Input2, Volume, Treble, Middle, Bass, Reverb, Deep, TriodeBackpanel:Ground-Lift, DI-Out, 4 Ohm-8 Ohm Selector, 2x LS Out, Standby-Switch, Power, Voltage Selector 230V\/110V Fuse 3A 33-2170 Listenpreis: 2150.00\" \/>\n<meta property=\"og:url\" content=\"http:\/\/harpernew.amplifier.ch\/index.php\/harper-basstube\/harper-basstube-head\/\" \/>\n<meta property=\"og:site_name\" content=\"HARPER Amplifier\" \/>\n<meta property=\"article:modified_time\" content=\"2025-10-20T14:39:58+00:00\" \/>\n<meta property=\"og:image\" content=\"http:\/\/harpernew.amplifier.ch\/wp-content\/uploads\/2025\/10\/Basstube_WP-1024x506.jpg\" \/>\n<meta name=\"twitter:card\" content=\"summary_large_image\" \/>\n<script type=\"application\/ld+json\" class=\"yoast-schema-graph\">{\"@context\":\"https:\/\/schema.org\",\"@graph\":[{\"@type\":\"WebPage\",\"@id\":\"http:\/\/harpernew.amplifier.ch\/index.php\/harper-basstube\/harper-basstube-head\/\",\"url\":\"http:\/\/harpernew.amplifier.ch\/index.php\/harper-basstube\/harper-basstube-head\/\",\"name\":\"HARPER Basstube Head - HARPER Amplifier\",\"isPartOf\":{\"@id\":\"http:\/\/harpernew.amplifier.ch\/#website\"},\"primaryImageOfPage\":{\"@id\":\"http:\/\/harpernew.amplifier.ch\/index.php\/harper-basstube\/harper-basstube-head\/#primaryimage\"},\"image\":{\"@id\":\"http:\/\/harpernew.amplifier.ch\/index.php\/harper-basstube\/harper-basstube-head\/#primaryimage\"},\"thumbnailUrl\":\"http:\/\/harpernew.amplifier.ch\/wp-content\/uploads\/2025\/10\/Basstube_WP-1024x506.jpg\",\"datePublished\":\"2025-10-14T14:03:02+00:00\",\"dateModified\":\"2025-10-20T14:39:58+00:00\",\"breadcrumb\":{\"@id\":\"http:\/\/harpernew.amplifier.ch\/index.php\/harper-basstube\/harper-basstube-head\/#breadcrumb\"},\"inLanguage\":\"de-CH\",\"potentialAction\":[{\"@type\":\"ReadAction\",\"target\":[\"http:\/\/harpernew.amplifier.ch\/index.php\/harper-basstube\/harper-basstube-head\/\"]}]},{\"@type\":\"ImageObject\",\"inLanguage\":\"de-CH\",\"@id\":\"http:\/\/harpernew.amplifier.ch\/index.php\/harper-basstube\/harper-basstube-head\/#primaryimage\",\"url\":\"http:\/\/harpernew.amplifier.ch\/wp-content\/uploads\/2025\/10\/Basstube_WP.jpg\",\"contentUrl\":\"http:\/\/harpernew.amplifier.ch\/wp-content\/uploads\/2025\/10\/Basstube_WP.jpg\",\"width\":1772,\"height\":875},{\"@type\":\"BreadcrumbList\",\"@id\":\"http:\/\/harpernew.amplifier.ch\/index.php\/harper-basstube\/harper-basstube-head\/#breadcrumb\",\"itemListElement\":[{\"@type\":\"ListItem\",\"position\":1,\"name\":\"Startseite\",\"item\":\"http:\/\/harpernew.amplifier.ch\/\"},{\"@type\":\"ListItem\",\"position\":2,\"name\":\"HARPER Basstube\",\"item\":\"http:\/\/harpernew.amplifier.ch\/index.php\/harper-basstube\/\"},{\"@type\":\"ListItem\",\"position\":3,\"name\":\"HARPER Basstube Head\"}]},{\"@type\":\"WebSite\",\"@id\":\"http:\/\/harpernew.amplifier.ch\/#website\",\"url\":\"http:\/\/harpernew.amplifier.ch\/\",\"name\":\"HARPER Amplifier\",\"description\":\"Amplifiers aus der Schweiz\",\"publisher\":{\"@id\":\"http:\/\/harpernew.amplifier.ch\/#organization\"},\"potentialAction\":[{\"@type\":\"SearchAction\",\"target\":{\"@type\":\"EntryPoint\",\"urlTemplate\":\"http:\/\/harpernew.amplifier.ch\/?s={search_term_string}\"},\"query-input\":{\"@type\":\"PropertyValueSpecification\",\"valueRequired\":true,\"valueName\":\"search_term_string\"}}],\"inLanguage\":\"de-CH\"},{\"@type\":\"Organization\",\"@id\":\"http:\/\/harpernew.amplifier.ch\/#organization\",\"name\":\"HARPER Amplifier\",\"url\":\"http:\/\/harpernew.amplifier.ch\/\",\"logo\":{\"@type\":\"ImageObject\",\"inLanguage\":\"de-CH\",\"@id\":\"http:\/\/harpernew.amplifier.ch\/#\/schema\/logo\/image\/\",\"url\":\"http:\/\/harpernew.amplifier.ch\/wp-content\/uploads\/2025\/10\/LG_HarperHead.jpg\",\"contentUrl\":\"http:\/\/harpernew.amplifier.ch\/wp-content\/uploads\/2025\/10\/LG_HarperHead.jpg\",\"width\":339,\"height\":75,\"caption\":\"HARPER Amplifier\"},\"image\":{\"@id\":\"http:\/\/harpernew.amplifier.ch\/#\/schema\/logo\/image\/\"}}]}<\/script>\n<!-- \/ Yoast SEO plugin. -->","yoast_head_json":{"title":"HARPER Basstube Head - HARPER Amplifier","robots":{"index":"index","follow":"follow","max-snippet":"max-snippet:-1","max-image-preview":"max-image-preview:large","max-video-preview":"max-video-preview:-1"},"canonical":"http:\/\/harpernew.amplifier.ch\/index.php\/harper-basstube\/harper-basstube-head\/","og_locale":"de_DE","og_type":"article","og_title":"HARPER Basstube Head - HARPER Amplifier","og_description":"Typischer R\u00f6hrensound. Sehr sch\u00f6ne H\u00f6hen ohne schrill zu werden. Knackige B\u00e4sse.Mit abgerundetem Klangbild. 2x 6L61xECC81\/12AT71xECC83\/12AX7 Geh\u00e4use:Birkensperrholz, Tolex Bezug15kg, H 23cm \/ B 47 cm \/ T 22 cm Frontpanel:Input1, Input2, Volume, Treble, Middle, Bass, Reverb, Deep, TriodeBackpanel:Ground-Lift, DI-Out, 4 Ohm-8 Ohm Selector, 2x LS Out, Standby-Switch, Power, Voltage Selector 230V\/110V Fuse 3A 33-2170 Listenpreis: 2150.00","og_url":"http:\/\/harpernew.amplifier.ch\/index.php\/harper-basstube\/harper-basstube-head\/","og_site_name":"HARPER Amplifier","article_modified_time":"2025-10-20T14:39:58+00:00","og_image":[{"url":"http:\/\/harpernew.amplifier.ch\/wp-content\/uploads\/2025\/10\/Basstube_WP-1024x506.jpg","type":"","width":"","height":""}],"twitter_card":"summary_large_image","schema":{"@context":"https:\/\/schema.org","@graph":[{"@type":"WebPage","@id":"http:\/\/harpernew.amplifier.ch\/index.php\/harper-basstube\/harper-basstube-head\/","url":"http:\/\/harpernew.amplifier.ch\/index.php\/harper-basstube\/harper-basstube-head\/","name":"HARPER Basstube Head - HARPER Amplifier","isPartOf":{"@id":"http:\/\/harpernew.amplifier.ch\/#website"},"primaryImageOfPage":{"@id":"http:\/\/harpernew.amplifier.ch\/index.php\/harper-basstube\/harper-basstube-head\/#primaryimage"},"image":{"@id":"http:\/\/harpernew.amplifier.ch\/index.php\/harper-basstube\/harper-basstube-head\/#primaryimage"},"thumbnailUrl":"http:\/\/harpernew.amplifier.ch\/wp-content\/uploads\/2025\/10\/Basstube_WP-1024x506.jpg","datePublished":"2025-10-14T14:03:02+00:00","dateModified":"2025-10-20T14:39:58+00:00","breadcrumb":{"@id":"http:\/\/harpernew.amplifier.ch\/index.php\/harper-basstube\/harper-basstube-head\/#breadcrumb"},"inLanguage":"de-CH","potentialAction":[{"@type":"ReadAction","target":["http:\/\/harpernew.amplifier.ch\/index.php\/harper-basstube\/harper-basstube-head\/"]}]},{"@type":"ImageObject","inLanguage":"de-CH","@id":"http:\/\/harpernew.amplifier.ch\/index.php\/harper-basstube\/harper-basstube-head\/#primaryimage","url":"http:\/\/harpernew.amplifier.ch\/wp-content\/uploads\/2025\/10\/Basstube_WP.jpg","contentUrl":"http:\/\/harpernew.amplifier.ch\/wp-content\/uploads\/2025\/10\/Basstube_WP.jpg","width":1772,"height":875},{"@type":"BreadcrumbList","@id":"http:\/\/harpernew.amplifier.ch\/index.php\/harper-basstube\/harper-basstube-head\/#breadcrumb","itemListElement":[{"@type":"ListItem","position":1,"name":"Startseite","item":"http:\/\/harpernew.amplifier.ch\/"},{"@type":"ListItem","position":2,"name":"HARPER Basstube","item":"http:\/\/harpernew.amplifier.ch\/index.php\/harper-basstube\/"},{"@type":"ListItem","position":3,"name":"HARPER Basstube Head"}]},{"@type":"WebSite","@id":"http:\/\/harpernew.amplifier.ch\/#website","url":"http:\/\/harpernew.amplifier.ch\/","name":"HARPER Amplifier","description":"Amplifiers aus der Schweiz","publisher":{"@id":"http:\/\/harpernew.amplifier.ch\/#organization"},"potentialAction":[{"@type":"SearchAction","target":{"@type":"EntryPoint","urlTemplate":"http:\/\/harpernew.amplifier.ch\/?s={search_term_string}"},"query-input":{"@type":"PropertyValueSpecification","valueRequired":true,"valueName":"search_term_string"}}],"inLanguage":"de-CH"},{"@type":"Organization","@id":"http:\/\/harpernew.amplifier.ch\/#organization","name":"HARPER Amplifier","url":"http:\/\/harpernew.amplifier.ch\/","logo":{"@type":"ImageObject","inLanguage":"de-CH","@id":"http:\/\/harpernew.amplifier.ch\/#\/schema\/logo\/image\/","url":"http:\/\/harpernew.amplifier.ch\/wp-content\/uploads\/2025\/10\/LG_HarperHead.jpg","contentUrl":"http:\/\/harpernew.amplifier.ch\/wp-content\/uploads\/2025\/10\/LG_HarperHead.jpg","width":339,"height":75,"caption":"HARPER Amplifier"},"image":{"@id":"http:\/\/harpernew.amplifier.ch\/#\/schema\/logo\/image\/"}}]}},"_links":{"self":[{"href":"http:\/\/harpernew.amplifier.ch\/index.php\/wp-json\/wp\/v2\/pages\/16","targetHints":{"allow":["GET"]}}],"collection":[{"href":"http:\/\/harpernew.amplifier.ch\/index.php\/wp-json\/wp\/v2\/pages"}],"about":[{"href":"http:\/\/harpernew.amplifier.ch\/index.php\/wp-json\/wp\/v2\/types\/page"}],"author":[{"embeddable":true,"href":"http:\/\/harpernew.amplifier.ch\/index.php\/wp-json\/wp\/v2\/users\/1"}],"replies":[{"embeddable":true,"href":"http:\/\/harpernew.amplifier.ch\/index.php\/wp-json\/wp\/v2\/comments?post=16"}],"version-history":[{"count":5,"href":"http:\/\/harpernew.amplifier.ch\/index.php\/wp-json\/wp\/v2\/pages\/16\/revisions"}],"predecessor-version":[{"id":213,"href":"http:\/\/harpernew.amplifier.ch\/index.php\/wp-json\/wp\/v2\/pages\/16\/revisions\/213"}],"up":[{"embeddable":true,"href":"http:\/\/harpernew.amplifier.ch\/index.php\/wp-json\/wp\/v2\/pages\/170"}],"wp:attachment":[{"href":"http:\/\/harpernew.amplifier.ch\/index.php\/wp-json\/wp\/v2\/media?parent=16"}],"curies":[{"name":"wp","href":"https:\/\/api.w.org\/{rel}","templated":true}]}}