{"id":128,"date":"2025-10-16T10:54:59","date_gmt":"2025-10-16T08:54:59","guid":{"rendered":"http:\/\/harpernew.amplifier.ch\/?page_id=128"},"modified":"2025-10-27T10:18:34","modified_gmt":"2025-10-27T09:18:34","slug":"harper-112-box","status":"publish","type":"page","link":"http:\/\/harpernew.amplifier.ch\/index.php\/harper-silvertube-combo\/harper-112-box\/","title":{"rendered":"HARPER 112 Guitar Box"},"content":{"rendered":"\n<p>In der Gr\u00f6sse wie der<br>HARPER ZERO<br>HARPER PRO<\/p>\n\n\n\n<p>Mit der Zusatzbox wird die Abstrahlfl\u00e4che verdoppelt<br>Damit k\u00f6nnen gr\u00f6ssere R\u00e4ume gef\u00fcllt werden,<br>ohne dass die Abnahme mit Micro n\u00f6tig wird.<\/p>\n\n\n\n<p>1&#215;12&#8243; Celestion \/ 60W  \/ 8 Ohm<\/p>\n\n\n\n<p><strong>Geh\u00e4use:<\/strong> <br>Birkensperrholz, Tolex Bezug<br>Masse: (HxBxT) 45cm x 47cm x 22cm)<\/p>\n\n\n\n<figure class=\"wp-block-image size-large\"><img loading=\"lazy\" decoding=\"async\" width=\"1024\" height=\"984\" src=\"http:\/\/harpernew.amplifier.ch\/wp-content\/uploads\/2025\/10\/GtrBox112blond_2-1024x984.jpg\" alt=\"\" class=\"wp-image-208\" srcset=\"http:\/\/harpernew.amplifier.ch\/wp-content\/uploads\/2025\/10\/GtrBox112blond_2-1024x984.jpg 1024w, http:\/\/harpernew.amplifier.ch\/wp-content\/uploads\/2025\/10\/GtrBox112blond_2-300x288.jpg 300w, http:\/\/harpernew.amplifier.ch\/wp-content\/uploads\/2025\/10\/GtrBox112blond_2-768x738.jpg 768w, http:\/\/harpernew.amplifier.ch\/wp-content\/uploads\/2025\/10\/GtrBox112blond_2.jpg 1181w\" sizes=\"auto, (max-width: 1024px) 100vw, 1024px\" \/><\/figure>\n\n\n\n<p>ArtNr 33-2191   <strong>Listenpreis:<\/strong> CHF 360.00<\/p>\n\n\n\n<p><\/p>\n","protected":false},"excerpt":{"rendered":"<p>In der Gr\u00f6sse wie derHARPER ZEROHARPER PRO Mit der Zusatzbox wird die Abstrahlfl\u00e4che verdoppeltDamit k\u00f6nnen gr\u00f6ssere R\u00e4ume gef\u00fcllt werden,ohne dass die Abnahme mit Micro n\u00f6tig wird. 1&#215;12&#8243; Celestion \/ 60W \/ 8 Ohm Geh\u00e4use: Birkensperrholz, Tolex BezugMasse: (HxBxT) 45cm x 47cm x 22cm) ArtNr 33-2191 Listenpreis: CHF 360.00<\/p>\n","protected":false},"author":1,"featured_media":0,"parent":12,"menu_order":290,"comment_status":"closed","ping_status":"closed","template":"","meta":{"footnotes":""},"class_list":["post-128","page","type-page","status-publish","hentry"],"yoast_head":"<!-- This site is optimized with the Yoast SEO plugin v26.4 - https:\/\/yoast.com\/wordpress\/plugins\/seo\/ -->\n<title>HARPER 112 Guitar Box - HARPER Amplifier<\/title>\n<meta name=\"robots\" content=\"index, follow, max-snippet:-1, max-image-preview:large, max-video-preview:-1\" \/>\n<link rel=\"canonical\" href=\"http:\/\/harpernew.amplifier.ch\/index.php\/harper-silvertube-combo\/harper-112-box\/\" \/>\n<meta property=\"og:locale\" content=\"de_DE\" \/>\n<meta property=\"og:type\" content=\"article\" \/>\n<meta property=\"og:title\" content=\"HARPER 112 Guitar Box - HARPER Amplifier\" \/>\n<meta property=\"og:description\" content=\"In der Gr\u00f6sse wie derHARPER ZEROHARPER PRO Mit der Zusatzbox wird die Abstrahlfl\u00e4che verdoppeltDamit k\u00f6nnen gr\u00f6ssere R\u00e4ume gef\u00fcllt werden,ohne dass die Abnahme mit Micro n\u00f6tig wird. 1&#215;12&#8243; Celestion \/ 60W \/ 8 Ohm Geh\u00e4use: Birkensperrholz, Tolex BezugMasse: (HxBxT) 45cm x 47cm x 22cm) ArtNr 33-2191 Listenpreis: CHF 360.00\" \/>\n<meta property=\"og:url\" content=\"http:\/\/harpernew.amplifier.ch\/index.php\/harper-silvertube-combo\/harper-112-box\/\" \/>\n<meta property=\"og:site_name\" content=\"HARPER Amplifier\" \/>\n<meta property=\"article:modified_time\" content=\"2025-10-27T09:18:34+00:00\" \/>\n<meta property=\"og:image\" content=\"http:\/\/harpernew.amplifier.ch\/wp-content\/uploads\/2025\/10\/GtrBox112blond_2-1024x984.jpg\" \/>\n<meta name=\"twitter:card\" content=\"summary_large_image\" \/>\n<script type=\"application\/ld+json\" class=\"yoast-schema-graph\">{\"@context\":\"https:\/\/schema.org\",\"@graph\":[{\"@type\":\"WebPage\",\"@id\":\"http:\/\/harpernew.amplifier.ch\/index.php\/harper-silvertube-combo\/harper-112-box\/\",\"url\":\"http:\/\/harpernew.amplifier.ch\/index.php\/harper-silvertube-combo\/harper-112-box\/\",\"name\":\"HARPER 112 Guitar Box - HARPER Amplifier\",\"isPartOf\":{\"@id\":\"http:\/\/harpernew.amplifier.ch\/#website\"},\"primaryImageOfPage\":{\"@id\":\"http:\/\/harpernew.amplifier.ch\/index.php\/harper-silvertube-combo\/harper-112-box\/#primaryimage\"},\"image\":{\"@id\":\"http:\/\/harpernew.amplifier.ch\/index.php\/harper-silvertube-combo\/harper-112-box\/#primaryimage\"},\"thumbnailUrl\":\"http:\/\/harpernew.amplifier.ch\/wp-content\/uploads\/2025\/10\/GtrBox112blond_2-1024x984.jpg\",\"datePublished\":\"2025-10-16T08:54:59+00:00\",\"dateModified\":\"2025-10-27T09:18:34+00:00\",\"breadcrumb\":{\"@id\":\"http:\/\/harpernew.amplifier.ch\/index.php\/harper-silvertube-combo\/harper-112-box\/#breadcrumb\"},\"inLanguage\":\"de-CH\",\"potentialAction\":[{\"@type\":\"ReadAction\",\"target\":[\"http:\/\/harpernew.amplifier.ch\/index.php\/harper-silvertube-combo\/harper-112-box\/\"]}]},{\"@type\":\"ImageObject\",\"inLanguage\":\"de-CH\",\"@id\":\"http:\/\/harpernew.amplifier.ch\/index.php\/harper-silvertube-combo\/harper-112-box\/#primaryimage\",\"url\":\"http:\/\/harpernew.amplifier.ch\/wp-content\/uploads\/2025\/10\/GtrBox112blond_2.jpg\",\"contentUrl\":\"http:\/\/harpernew.amplifier.ch\/wp-content\/uploads\/2025\/10\/GtrBox112blond_2.jpg\",\"width\":1181,\"height\":1135},{\"@type\":\"BreadcrumbList\",\"@id\":\"http:\/\/harpernew.amplifier.ch\/index.php\/harper-silvertube-combo\/harper-112-box\/#breadcrumb\",\"itemListElement\":[{\"@type\":\"ListItem\",\"position\":1,\"name\":\"Startseite\",\"item\":\"http:\/\/harpernew.amplifier.ch\/\"},{\"@type\":\"ListItem\",\"position\":2,\"name\":\"HARPER Silvertube Mk2\",\"item\":\"http:\/\/harpernew.amplifier.ch\/index.php\/harper-silvertube-combo\/\"},{\"@type\":\"ListItem\",\"position\":3,\"name\":\"HARPER 112 Guitar Box\"}]},{\"@type\":\"WebSite\",\"@id\":\"http:\/\/harpernew.amplifier.ch\/#website\",\"url\":\"http:\/\/harpernew.amplifier.ch\/\",\"name\":\"HARPER Amplifier\",\"description\":\"Amplifiers aus der Schweiz\",\"publisher\":{\"@id\":\"http:\/\/harpernew.amplifier.ch\/#organization\"},\"potentialAction\":[{\"@type\":\"SearchAction\",\"target\":{\"@type\":\"EntryPoint\",\"urlTemplate\":\"http:\/\/harpernew.amplifier.ch\/?s={search_term_string}\"},\"query-input\":{\"@type\":\"PropertyValueSpecification\",\"valueRequired\":true,\"valueName\":\"search_term_string\"}}],\"inLanguage\":\"de-CH\"},{\"@type\":\"Organization\",\"@id\":\"http:\/\/harpernew.amplifier.ch\/#organization\",\"name\":\"HARPER Amplifier\",\"url\":\"http:\/\/harpernew.amplifier.ch\/\",\"logo\":{\"@type\":\"ImageObject\",\"inLanguage\":\"de-CH\",\"@id\":\"http:\/\/harpernew.amplifier.ch\/#\/schema\/logo\/image\/\",\"url\":\"http:\/\/harpernew.amplifier.ch\/wp-content\/uploads\/2025\/10\/LG_HarperHead.jpg\",\"contentUrl\":\"http:\/\/harpernew.amplifier.ch\/wp-content\/uploads\/2025\/10\/LG_HarperHead.jpg\",\"width\":339,\"height\":75,\"caption\":\"HARPER Amplifier\"},\"image\":{\"@id\":\"http:\/\/harpernew.amplifier.ch\/#\/schema\/logo\/image\/\"}}]}<\/script>\n<!-- \/ Yoast SEO plugin. -->","yoast_head_json":{"title":"HARPER 112 Guitar Box - HARPER Amplifier","robots":{"index":"index","follow":"follow","max-snippet":"max-snippet:-1","max-image-preview":"max-image-preview:large","max-video-preview":"max-video-preview:-1"},"canonical":"http:\/\/harpernew.amplifier.ch\/index.php\/harper-silvertube-combo\/harper-112-box\/","og_locale":"de_DE","og_type":"article","og_title":"HARPER 112 Guitar Box - HARPER Amplifier","og_description":"In der Gr\u00f6sse wie derHARPER ZEROHARPER PRO Mit der Zusatzbox wird die Abstrahlfl\u00e4che verdoppeltDamit k\u00f6nnen gr\u00f6ssere R\u00e4ume gef\u00fcllt werden,ohne dass die Abnahme mit Micro n\u00f6tig wird. 1&#215;12&#8243; Celestion \/ 60W \/ 8 Ohm Geh\u00e4use: Birkensperrholz, Tolex BezugMasse: (HxBxT) 45cm x 47cm x 22cm) ArtNr 33-2191 Listenpreis: CHF 360.00","og_url":"http:\/\/harpernew.amplifier.ch\/index.php\/harper-silvertube-combo\/harper-112-box\/","og_site_name":"HARPER Amplifier","article_modified_time":"2025-10-27T09:18:34+00:00","og_image":[{"url":"http:\/\/harpernew.amplifier.ch\/wp-content\/uploads\/2025\/10\/GtrBox112blond_2-1024x984.jpg","type":"","width":"","height":""}],"twitter_card":"summary_large_image","schema":{"@context":"https:\/\/schema.org","@graph":[{"@type":"WebPage","@id":"http:\/\/harpernew.amplifier.ch\/index.php\/harper-silvertube-combo\/harper-112-box\/","url":"http:\/\/harpernew.amplifier.ch\/index.php\/harper-silvertube-combo\/harper-112-box\/","name":"HARPER 112 Guitar Box - HARPER Amplifier","isPartOf":{"@id":"http:\/\/harpernew.amplifier.ch\/#website"},"primaryImageOfPage":{"@id":"http:\/\/harpernew.amplifier.ch\/index.php\/harper-silvertube-combo\/harper-112-box\/#primaryimage"},"image":{"@id":"http:\/\/harpernew.amplifier.ch\/index.php\/harper-silvertube-combo\/harper-112-box\/#primaryimage"},"thumbnailUrl":"http:\/\/harpernew.amplifier.ch\/wp-content\/uploads\/2025\/10\/GtrBox112blond_2-1024x984.jpg","datePublished":"2025-10-16T08:54:59+00:00","dateModified":"2025-10-27T09:18:34+00:00","breadcrumb":{"@id":"http:\/\/harpernew.amplifier.ch\/index.php\/harper-silvertube-combo\/harper-112-box\/#breadcrumb"},"inLanguage":"de-CH","potentialAction":[{"@type":"ReadAction","target":["http:\/\/harpernew.amplifier.ch\/index.php\/harper-silvertube-combo\/harper-112-box\/"]}]},{"@type":"ImageObject","inLanguage":"de-CH","@id":"http:\/\/harpernew.amplifier.ch\/index.php\/harper-silvertube-combo\/harper-112-box\/#primaryimage","url":"http:\/\/harpernew.amplifier.ch\/wp-content\/uploads\/2025\/10\/GtrBox112blond_2.jpg","contentUrl":"http:\/\/harpernew.amplifier.ch\/wp-content\/uploads\/2025\/10\/GtrBox112blond_2.jpg","width":1181,"height":1135},{"@type":"BreadcrumbList","@id":"http:\/\/harpernew.amplifier.ch\/index.php\/harper-silvertube-combo\/harper-112-box\/#breadcrumb","itemListElement":[{"@type":"ListItem","position":1,"name":"Startseite","item":"http:\/\/harpernew.amplifier.ch\/"},{"@type":"ListItem","position":2,"name":"HARPER Silvertube Mk2","item":"http:\/\/harpernew.amplifier.ch\/index.php\/harper-silvertube-combo\/"},{"@type":"ListItem","position":3,"name":"HARPER 112 Guitar Box"}]},{"@type":"WebSite","@id":"http:\/\/harpernew.amplifier.ch\/#website","url":"http:\/\/harpernew.amplifier.ch\/","name":"HARPER Amplifier","description":"Amplifiers aus der Schweiz","publisher":{"@id":"http:\/\/harpernew.amplifier.ch\/#organization"},"potentialAction":[{"@type":"SearchAction","target":{"@type":"EntryPoint","urlTemplate":"http:\/\/harpernew.amplifier.ch\/?s={search_term_string}"},"query-input":{"@type":"PropertyValueSpecification","valueRequired":true,"valueName":"search_term_string"}}],"inLanguage":"de-CH"},{"@type":"Organization","@id":"http:\/\/harpernew.amplifier.ch\/#organization","name":"HARPER Amplifier","url":"http:\/\/harpernew.amplifier.ch\/","logo":{"@type":"ImageObject","inLanguage":"de-CH","@id":"http:\/\/harpernew.amplifier.ch\/#\/schema\/logo\/image\/","url":"http:\/\/harpernew.amplifier.ch\/wp-content\/uploads\/2025\/10\/LG_HarperHead.jpg","contentUrl":"http:\/\/harpernew.amplifier.ch\/wp-content\/uploads\/2025\/10\/LG_HarperHead.jpg","width":339,"height":75,"caption":"HARPER Amplifier"},"image":{"@id":"http:\/\/harpernew.amplifier.ch\/#\/schema\/logo\/image\/"}}]}},"_links":{"self":[{"href":"http:\/\/harpernew.amplifier.ch\/index.php\/wp-json\/wp\/v2\/pages\/128","targetHints":{"allow":["GET"]}}],"collection":[{"href":"http:\/\/harpernew.amplifier.ch\/index.php\/wp-json\/wp\/v2\/pages"}],"about":[{"href":"http:\/\/harpernew.amplifier.ch\/index.php\/wp-json\/wp\/v2\/types\/page"}],"author":[{"embeddable":true,"href":"http:\/\/harpernew.amplifier.ch\/index.php\/wp-json\/wp\/v2\/users\/1"}],"replies":[{"embeddable":true,"href":"http:\/\/harpernew.amplifier.ch\/index.php\/wp-json\/wp\/v2\/comments?post=128"}],"version-history":[{"count":7,"href":"http:\/\/harpernew.amplifier.ch\/index.php\/wp-json\/wp\/v2\/pages\/128\/revisions"}],"predecessor-version":[{"id":250,"href":"http:\/\/harpernew.amplifier.ch\/index.php\/wp-json\/wp\/v2\/pages\/128\/revisions\/250"}],"up":[{"embeddable":true,"href":"http:\/\/harpernew.amplifier.ch\/index.php\/wp-json\/wp\/v2\/pages\/12"}],"wp:attachment":[{"href":"http:\/\/harpernew.amplifier.ch\/index.php\/wp-json\/wp\/v2\/media?parent=128"}],"curies":[{"name":"wp","href":"https:\/\/api.w.org\/{rel}","templated":true}]}}