{"id":118,"date":"2025-10-16T10:13:13","date_gmt":"2025-10-16T08:13:13","guid":{"rendered":"http:\/\/harpernew.amplifier.ch\/?page_id=118"},"modified":"2025-10-27T14:22:27","modified_gmt":"2025-10-27T13:22:27","slug":"harper-silvertube-plus-112","status":"publish","type":"page","link":"http:\/\/harpernew.amplifier.ch\/index.php\/harper-silvertube-combo\/harper-silvertube-plus-112\/","title":{"rendered":"HARPER Silvertube PLUS 112"},"content":{"rendered":"\n<p>ca 40 Watt RMS<\/p>\n\n\n\n<p>Ideal mit Single Coil oder HumBucker Gitarren.<br>Sehr sch\u00f6ne H\u00f6hen ohne schrill zu werden. Knackige B\u00e4sse.<br>Mit abgerundetem Klangbild.<br><br>2x 6L6<br>1xECC81\/12AT7<br>1xECC83\/12AX7<br>Accutronics Federhall<br>12&#8243; Celestion Speaker<\/p>\n\n\n\n<p><strong>Geh\u00e4use:<\/strong> Birkensperrholz, Tolex Bezug<br><strong>Masse:<\/strong>  (HxBxT) 45cm x 47cm x 22cm<br><strong>Gewicht:<\/strong> 20Kg<\/p>\n\n\n\n<p><strong>Frontpanel:<\/strong><br>Input1, Input2, Volume, Treble, Middle, Bass, Reverb, Bright, Triode, <br>Hi\/Lo<br><strong>Backpanel:<\/strong><br>Power switch, 230V\/115V, Standby, 2x Speaker Jack, Impendanz 4\/8Ohm<\/p>\n\n\n\n<figure class=\"wp-block-image size-full is-resized\"><img loading=\"lazy\" decoding=\"async\" width=\"2177\" height=\"1903\" src=\"http:\/\/harpernew.amplifier.ch\/wp-content\/uploads\/2025\/10\/Harper-ST_Plus.jpg\" alt=\"\" class=\"wp-image-265\" style=\"width:504px;height:auto\" srcset=\"http:\/\/harpernew.amplifier.ch\/wp-content\/uploads\/2025\/10\/Harper-ST_Plus.jpg 2177w, http:\/\/harpernew.amplifier.ch\/wp-content\/uploads\/2025\/10\/Harper-ST_Plus-300x262.jpg 300w, http:\/\/harpernew.amplifier.ch\/wp-content\/uploads\/2025\/10\/Harper-ST_Plus-1024x895.jpg 1024w, http:\/\/harpernew.amplifier.ch\/wp-content\/uploads\/2025\/10\/Harper-ST_Plus-768x671.jpg 768w, http:\/\/harpernew.amplifier.ch\/wp-content\/uploads\/2025\/10\/Harper-ST_Plus-1536x1343.jpg 1536w, http:\/\/harpernew.amplifier.ch\/wp-content\/uploads\/2025\/10\/Harper-ST_Plus-2048x1790.jpg 2048w\" sizes=\"auto, (max-width: 2177px) 100vw, 2177px\" \/><\/figure>\n\n\n\n<p class=\"has-black-color has-text-color has-link-color wp-elements-1b4063dba73818a7f64620ddd77bd62b\">33-2122 <strong>Listenpreis:<\/strong> 2180.00 <\/p>\n\n\n\n<p class=\"has-text-color has-link-color has-large-font-size wp-elements-f0e8cb94dc5bf42dfd1f0116c81eaad6\" style=\"color:#ff0000\">&#8212; <strong>Sonderpreis:<\/strong> 1790.00<\/p>\n\n\n\n<p><\/p>\n","protected":false},"excerpt":{"rendered":"<p>ca 40 Watt RMS Ideal mit Single Coil oder HumBucker Gitarren.Sehr sch\u00f6ne H\u00f6hen ohne schrill zu werden. Knackige B\u00e4sse.Mit abgerundetem Klangbild. 2x 6L61xECC81\/12AT71xECC83\/12AX7Accutronics Federhall12&#8243; Celestion Speaker Geh\u00e4use: Birkensperrholz, Tolex BezugMasse: (HxBxT) 45cm x 47cm x 22cmGewicht: 20Kg Frontpanel:Input1, Input2, Volume, Treble, Middle, Bass, Reverb, Bright, Triode, Hi\/LoBackpanel:Power switch, 230V\/115V, Standby, 2x Speaker Jack, Impendanz 4\/8Ohm &hellip; <a href=\"http:\/\/harpernew.amplifier.ch\/index.php\/harper-silvertube-combo\/harper-silvertube-plus-112\/\" class=\"more-link\"><span class=\"screen-reader-text\">HARPER Silvertube PLUS 112<\/span> weiterlesen <span class=\"meta-nav\">&rarr;<\/span><\/a><\/p>\n","protected":false},"author":1,"featured_media":0,"parent":12,"menu_order":230,"comment_status":"closed","ping_status":"closed","template":"","meta":{"footnotes":""},"class_list":["post-118","page","type-page","status-publish","hentry"],"yoast_head":"<!-- This site is optimized with the Yoast SEO plugin v26.4 - https:\/\/yoast.com\/wordpress\/plugins\/seo\/ -->\n<title>HARPER Silvertube PLUS 112 - HARPER Amplifier<\/title>\n<meta name=\"robots\" content=\"index, follow, max-snippet:-1, max-image-preview:large, max-video-preview:-1\" \/>\n<link rel=\"canonical\" href=\"http:\/\/harpernew.amplifier.ch\/index.php\/harper-silvertube-combo\/harper-silvertube-plus-112\/\" \/>\n<meta property=\"og:locale\" content=\"de_DE\" \/>\n<meta property=\"og:type\" content=\"article\" \/>\n<meta property=\"og:title\" content=\"HARPER Silvertube PLUS 112 - HARPER Amplifier\" \/>\n<meta property=\"og:description\" content=\"ca 40 Watt RMS Ideal mit Single Coil oder HumBucker Gitarren.Sehr sch\u00f6ne H\u00f6hen ohne schrill zu werden. Knackige B\u00e4sse.Mit abgerundetem Klangbild. 2x 6L61xECC81\/12AT71xECC83\/12AX7Accutronics Federhall12&#8243; Celestion Speaker Geh\u00e4use: Birkensperrholz, Tolex BezugMasse: (HxBxT) 45cm x 47cm x 22cmGewicht: 20Kg Frontpanel:Input1, Input2, Volume, Treble, Middle, Bass, Reverb, Bright, Triode, Hi\/LoBackpanel:Power switch, 230V\/115V, Standby, 2x Speaker Jack, Impendanz 4\/8Ohm &hellip; HARPER Silvertube PLUS 112 weiterlesen &rarr;\" \/>\n<meta property=\"og:url\" content=\"http:\/\/harpernew.amplifier.ch\/index.php\/harper-silvertube-combo\/harper-silvertube-plus-112\/\" \/>\n<meta property=\"og:site_name\" content=\"HARPER Amplifier\" \/>\n<meta property=\"article:modified_time\" content=\"2025-10-27T13:22:27+00:00\" \/>\n<meta property=\"og:image\" content=\"http:\/\/harpernew.amplifier.ch\/wp-content\/uploads\/2025\/10\/Harper-ST_Plus.jpg\" \/>\n<meta name=\"twitter:card\" content=\"summary_large_image\" \/>\n<script type=\"application\/ld+json\" class=\"yoast-schema-graph\">{\"@context\":\"https:\/\/schema.org\",\"@graph\":[{\"@type\":\"WebPage\",\"@id\":\"http:\/\/harpernew.amplifier.ch\/index.php\/harper-silvertube-combo\/harper-silvertube-plus-112\/\",\"url\":\"http:\/\/harpernew.amplifier.ch\/index.php\/harper-silvertube-combo\/harper-silvertube-plus-112\/\",\"name\":\"HARPER Silvertube PLUS 112 - HARPER Amplifier\",\"isPartOf\":{\"@id\":\"http:\/\/harpernew.amplifier.ch\/#website\"},\"primaryImageOfPage\":{\"@id\":\"http:\/\/harpernew.amplifier.ch\/index.php\/harper-silvertube-combo\/harper-silvertube-plus-112\/#primaryimage\"},\"image\":{\"@id\":\"http:\/\/harpernew.amplifier.ch\/index.php\/harper-silvertube-combo\/harper-silvertube-plus-112\/#primaryimage\"},\"thumbnailUrl\":\"http:\/\/harpernew.amplifier.ch\/wp-content\/uploads\/2025\/10\/Harper-ST_Plus.jpg\",\"datePublished\":\"2025-10-16T08:13:13+00:00\",\"dateModified\":\"2025-10-27T13:22:27+00:00\",\"breadcrumb\":{\"@id\":\"http:\/\/harpernew.amplifier.ch\/index.php\/harper-silvertube-combo\/harper-silvertube-plus-112\/#breadcrumb\"},\"inLanguage\":\"de-CH\",\"potentialAction\":[{\"@type\":\"ReadAction\",\"target\":[\"http:\/\/harpernew.amplifier.ch\/index.php\/harper-silvertube-combo\/harper-silvertube-plus-112\/\"]}]},{\"@type\":\"ImageObject\",\"inLanguage\":\"de-CH\",\"@id\":\"http:\/\/harpernew.amplifier.ch\/index.php\/harper-silvertube-combo\/harper-silvertube-plus-112\/#primaryimage\",\"url\":\"http:\/\/harpernew.amplifier.ch\/wp-content\/uploads\/2025\/10\/Harper-ST_Plus.jpg\",\"contentUrl\":\"http:\/\/harpernew.amplifier.ch\/wp-content\/uploads\/2025\/10\/Harper-ST_Plus.jpg\",\"width\":2177,\"height\":1903},{\"@type\":\"BreadcrumbList\",\"@id\":\"http:\/\/harpernew.amplifier.ch\/index.php\/harper-silvertube-combo\/harper-silvertube-plus-112\/#breadcrumb\",\"itemListElement\":[{\"@type\":\"ListItem\",\"position\":1,\"name\":\"Startseite\",\"item\":\"http:\/\/harpernew.amplifier.ch\/\"},{\"@type\":\"ListItem\",\"position\":2,\"name\":\"HARPER Silvertube Mk2\",\"item\":\"http:\/\/harpernew.amplifier.ch\/index.php\/harper-silvertube-combo\/\"},{\"@type\":\"ListItem\",\"position\":3,\"name\":\"HARPER Silvertube PLUS 112\"}]},{\"@type\":\"WebSite\",\"@id\":\"http:\/\/harpernew.amplifier.ch\/#website\",\"url\":\"http:\/\/harpernew.amplifier.ch\/\",\"name\":\"HARPER Amplifier\",\"description\":\"Amplifiers aus der Schweiz\",\"publisher\":{\"@id\":\"http:\/\/harpernew.amplifier.ch\/#organization\"},\"potentialAction\":[{\"@type\":\"SearchAction\",\"target\":{\"@type\":\"EntryPoint\",\"urlTemplate\":\"http:\/\/harpernew.amplifier.ch\/?s={search_term_string}\"},\"query-input\":{\"@type\":\"PropertyValueSpecification\",\"valueRequired\":true,\"valueName\":\"search_term_string\"}}],\"inLanguage\":\"de-CH\"},{\"@type\":\"Organization\",\"@id\":\"http:\/\/harpernew.amplifier.ch\/#organization\",\"name\":\"HARPER Amplifier\",\"url\":\"http:\/\/harpernew.amplifier.ch\/\",\"logo\":{\"@type\":\"ImageObject\",\"inLanguage\":\"de-CH\",\"@id\":\"http:\/\/harpernew.amplifier.ch\/#\/schema\/logo\/image\/\",\"url\":\"http:\/\/harpernew.amplifier.ch\/wp-content\/uploads\/2025\/10\/LG_HarperHead.jpg\",\"contentUrl\":\"http:\/\/harpernew.amplifier.ch\/wp-content\/uploads\/2025\/10\/LG_HarperHead.jpg\",\"width\":339,\"height\":75,\"caption\":\"HARPER Amplifier\"},\"image\":{\"@id\":\"http:\/\/harpernew.amplifier.ch\/#\/schema\/logo\/image\/\"}}]}<\/script>\n<!-- \/ Yoast SEO plugin. -->","yoast_head_json":{"title":"HARPER Silvertube PLUS 112 - HARPER Amplifier","robots":{"index":"index","follow":"follow","max-snippet":"max-snippet:-1","max-image-preview":"max-image-preview:large","max-video-preview":"max-video-preview:-1"},"canonical":"http:\/\/harpernew.amplifier.ch\/index.php\/harper-silvertube-combo\/harper-silvertube-plus-112\/","og_locale":"de_DE","og_type":"article","og_title":"HARPER Silvertube PLUS 112 - HARPER Amplifier","og_description":"ca 40 Watt RMS Ideal mit Single Coil oder HumBucker Gitarren.Sehr sch\u00f6ne H\u00f6hen ohne schrill zu werden. Knackige B\u00e4sse.Mit abgerundetem Klangbild. 2x 6L61xECC81\/12AT71xECC83\/12AX7Accutronics Federhall12&#8243; Celestion Speaker Geh\u00e4use: Birkensperrholz, Tolex BezugMasse: (HxBxT) 45cm x 47cm x 22cmGewicht: 20Kg Frontpanel:Input1, Input2, Volume, Treble, Middle, Bass, Reverb, Bright, Triode, Hi\/LoBackpanel:Power switch, 230V\/115V, Standby, 2x Speaker Jack, Impendanz 4\/8Ohm &hellip; HARPER Silvertube PLUS 112 weiterlesen &rarr;","og_url":"http:\/\/harpernew.amplifier.ch\/index.php\/harper-silvertube-combo\/harper-silvertube-plus-112\/","og_site_name":"HARPER Amplifier","article_modified_time":"2025-10-27T13:22:27+00:00","og_image":[{"url":"http:\/\/harpernew.amplifier.ch\/wp-content\/uploads\/2025\/10\/Harper-ST_Plus.jpg","type":"","width":"","height":""}],"twitter_card":"summary_large_image","schema":{"@context":"https:\/\/schema.org","@graph":[{"@type":"WebPage","@id":"http:\/\/harpernew.amplifier.ch\/index.php\/harper-silvertube-combo\/harper-silvertube-plus-112\/","url":"http:\/\/harpernew.amplifier.ch\/index.php\/harper-silvertube-combo\/harper-silvertube-plus-112\/","name":"HARPER Silvertube PLUS 112 - HARPER Amplifier","isPartOf":{"@id":"http:\/\/harpernew.amplifier.ch\/#website"},"primaryImageOfPage":{"@id":"http:\/\/harpernew.amplifier.ch\/index.php\/harper-silvertube-combo\/harper-silvertube-plus-112\/#primaryimage"},"image":{"@id":"http:\/\/harpernew.amplifier.ch\/index.php\/harper-silvertube-combo\/harper-silvertube-plus-112\/#primaryimage"},"thumbnailUrl":"http:\/\/harpernew.amplifier.ch\/wp-content\/uploads\/2025\/10\/Harper-ST_Plus.jpg","datePublished":"2025-10-16T08:13:13+00:00","dateModified":"2025-10-27T13:22:27+00:00","breadcrumb":{"@id":"http:\/\/harpernew.amplifier.ch\/index.php\/harper-silvertube-combo\/harper-silvertube-plus-112\/#breadcrumb"},"inLanguage":"de-CH","potentialAction":[{"@type":"ReadAction","target":["http:\/\/harpernew.amplifier.ch\/index.php\/harper-silvertube-combo\/harper-silvertube-plus-112\/"]}]},{"@type":"ImageObject","inLanguage":"de-CH","@id":"http:\/\/harpernew.amplifier.ch\/index.php\/harper-silvertube-combo\/harper-silvertube-plus-112\/#primaryimage","url":"http:\/\/harpernew.amplifier.ch\/wp-content\/uploads\/2025\/10\/Harper-ST_Plus.jpg","contentUrl":"http:\/\/harpernew.amplifier.ch\/wp-content\/uploads\/2025\/10\/Harper-ST_Plus.jpg","width":2177,"height":1903},{"@type":"BreadcrumbList","@id":"http:\/\/harpernew.amplifier.ch\/index.php\/harper-silvertube-combo\/harper-silvertube-plus-112\/#breadcrumb","itemListElement":[{"@type":"ListItem","position":1,"name":"Startseite","item":"http:\/\/harpernew.amplifier.ch\/"},{"@type":"ListItem","position":2,"name":"HARPER Silvertube Mk2","item":"http:\/\/harpernew.amplifier.ch\/index.php\/harper-silvertube-combo\/"},{"@type":"ListItem","position":3,"name":"HARPER Silvertube PLUS 112"}]},{"@type":"WebSite","@id":"http:\/\/harpernew.amplifier.ch\/#website","url":"http:\/\/harpernew.amplifier.ch\/","name":"HARPER Amplifier","description":"Amplifiers aus der Schweiz","publisher":{"@id":"http:\/\/harpernew.amplifier.ch\/#organization"},"potentialAction":[{"@type":"SearchAction","target":{"@type":"EntryPoint","urlTemplate":"http:\/\/harpernew.amplifier.ch\/?s={search_term_string}"},"query-input":{"@type":"PropertyValueSpecification","valueRequired":true,"valueName":"search_term_string"}}],"inLanguage":"de-CH"},{"@type":"Organization","@id":"http:\/\/harpernew.amplifier.ch\/#organization","name":"HARPER Amplifier","url":"http:\/\/harpernew.amplifier.ch\/","logo":{"@type":"ImageObject","inLanguage":"de-CH","@id":"http:\/\/harpernew.amplifier.ch\/#\/schema\/logo\/image\/","url":"http:\/\/harpernew.amplifier.ch\/wp-content\/uploads\/2025\/10\/LG_HarperHead.jpg","contentUrl":"http:\/\/harpernew.amplifier.ch\/wp-content\/uploads\/2025\/10\/LG_HarperHead.jpg","width":339,"height":75,"caption":"HARPER Amplifier"},"image":{"@id":"http:\/\/harpernew.amplifier.ch\/#\/schema\/logo\/image\/"}}]}},"_links":{"self":[{"href":"http:\/\/harpernew.amplifier.ch\/index.php\/wp-json\/wp\/v2\/pages\/118","targetHints":{"allow":["GET"]}}],"collection":[{"href":"http:\/\/harpernew.amplifier.ch\/index.php\/wp-json\/wp\/v2\/pages"}],"about":[{"href":"http:\/\/harpernew.amplifier.ch\/index.php\/wp-json\/wp\/v2\/types\/page"}],"author":[{"embeddable":true,"href":"http:\/\/harpernew.amplifier.ch\/index.php\/wp-json\/wp\/v2\/users\/1"}],"replies":[{"embeddable":true,"href":"http:\/\/harpernew.amplifier.ch\/index.php\/wp-json\/wp\/v2\/comments?post=118"}],"version-history":[{"count":8,"href":"http:\/\/harpernew.amplifier.ch\/index.php\/wp-json\/wp\/v2\/pages\/118\/revisions"}],"predecessor-version":[{"id":266,"href":"http:\/\/harpernew.amplifier.ch\/index.php\/wp-json\/wp\/v2\/pages\/118\/revisions\/266"}],"up":[{"embeddable":true,"href":"http:\/\/harpernew.amplifier.ch\/index.php\/wp-json\/wp\/v2\/pages\/12"}],"wp:attachment":[{"href":"http:\/\/harpernew.amplifier.ch\/index.php\/wp-json\/wp\/v2\/media?parent=118"}],"curies":[{"name":"wp","href":"https:\/\/api.w.org\/{rel}","templated":true}]}}