{"id":115,"date":"2025-10-16T10:12:25","date_gmt":"2025-10-16T08:12:25","guid":{"rendered":"http:\/\/harpernew.amplifier.ch\/?page_id=115"},"modified":"2025-11-04T12:00:26","modified_gmt":"2025-11-04T11:00:26","slug":"harper-silvertube-25-1210","status":"publish","type":"page","link":"http:\/\/harpernew.amplifier.ch\/index.php\/harper-guitar-combo\/harper-silvertube-25-1210\/","title":{"rendered":"HARPER Silvertube 25-12+10"},"content":{"rendered":"\n<p>Silvertube 25 &#8211; 12+10<br>R\u00f6hrenverst\u00e4rker f\u00fcr Gitarre<br>mit Celestion 10&#8243; und Celestion 12&#8243;<br>ca 25 Watt RMS<br><strong>R\u00f6hren:<\/strong> <br>2x 12AX7A<br>2X EL84<\/p>\n\n\n\n<p><strong>Frontpanel:<\/strong> 2x Jack Input, Volume, Treble\/ Mid\/ Bass, Reverb<br><strong>Backpanel:<\/strong> AC, Fuse, Power Switch, Ext. Speaker out<\/p>\n\n\n\n<p><strong>Geh\u00e4use: <\/strong>Schwarz, Tolex<br><strong>Masse:<\/strong> H 74cm \/ B 47cm \/ T 23cm<br><strong>Gewicht:<\/strong> 24Kg<\/p>\n\n\n\n<figure class=\"wp-block-image size-large\"><img loading=\"lazy\" decoding=\"async\" width=\"674\" height=\"1024\" src=\"http:\/\/harpernew.amplifier.ch\/wp-content\/uploads\/2025\/10\/Silvertube1012_P1a2-674x1024.jpg\" alt=\"\" class=\"wp-image-227\" srcset=\"http:\/\/harpernew.amplifier.ch\/wp-content\/uploads\/2025\/10\/Silvertube1012_P1a2-674x1024.jpg 674w, http:\/\/harpernew.amplifier.ch\/wp-content\/uploads\/2025\/10\/Silvertube1012_P1a2-198x300.jpg 198w, http:\/\/harpernew.amplifier.ch\/wp-content\/uploads\/2025\/10\/Silvertube1012_P1a2-768x1166.jpg 768w, http:\/\/harpernew.amplifier.ch\/wp-content\/uploads\/2025\/10\/Silvertube1012_P1a2-1012x1536.jpg 1012w, http:\/\/harpernew.amplifier.ch\/wp-content\/uploads\/2025\/10\/Silvertube1012_P1a2.jpg 1181w\" sizes=\"auto, (max-width: 674px) 100vw, 674px\" \/><\/figure>\n\n\n\n<p>ArtNr 33-2115 <strong>Listenpreis:<\/strong> CHF 980.00<\/p>\n\n\n\n<p><\/p>\n","protected":false},"excerpt":{"rendered":"<p>Silvertube 25 &#8211; 12+10R\u00f6hrenverst\u00e4rker f\u00fcr Gitarremit Celestion 10&#8243; und Celestion 12&#8243;ca 25 Watt RMSR\u00f6hren: 2x 12AX7A2X EL84 Frontpanel: 2x Jack Input, Volume, Treble\/ Mid\/ Bass, ReverbBackpanel: AC, Fuse, Power Switch, Ext. Speaker out Geh\u00e4use: Schwarz, TolexMasse: H 74cm \/ B 47cm \/ T 23cmGewicht: 24Kg ArtNr 33-2115 Listenpreis: CHF 980.00<\/p>\n","protected":false},"author":1,"featured_media":0,"parent":10,"menu_order":150,"comment_status":"closed","ping_status":"closed","template":"","meta":{"footnotes":""},"class_list":["post-115","page","type-page","status-publish","hentry"],"yoast_head":"<!-- This site is optimized with the Yoast SEO plugin v26.4 - https:\/\/yoast.com\/wordpress\/plugins\/seo\/ -->\n<title>HARPER Silvertube 25-12+10 - HARPER Amplifier<\/title>\n<meta name=\"robots\" content=\"index, follow, max-snippet:-1, max-image-preview:large, max-video-preview:-1\" \/>\n<link rel=\"canonical\" href=\"http:\/\/harpernew.amplifier.ch\/index.php\/harper-guitar-combo\/harper-silvertube-25-1210\/\" \/>\n<meta property=\"og:locale\" content=\"de_DE\" \/>\n<meta property=\"og:type\" content=\"article\" \/>\n<meta property=\"og:title\" content=\"HARPER Silvertube 25-12+10 - HARPER Amplifier\" \/>\n<meta property=\"og:description\" content=\"Silvertube 25 &#8211; 12+10R\u00f6hrenverst\u00e4rker f\u00fcr Gitarremit Celestion 10&#8243; und Celestion 12&#8243;ca 25 Watt RMSR\u00f6hren: 2x 12AX7A2X EL84 Frontpanel: 2x Jack Input, Volume, Treble\/ Mid\/ Bass, ReverbBackpanel: AC, Fuse, Power Switch, Ext. Speaker out Geh\u00e4use: Schwarz, TolexMasse: H 74cm \/ B 47cm \/ T 23cmGewicht: 24Kg ArtNr 33-2115 Listenpreis: CHF 980.00\" \/>\n<meta property=\"og:url\" content=\"http:\/\/harpernew.amplifier.ch\/index.php\/harper-guitar-combo\/harper-silvertube-25-1210\/\" \/>\n<meta property=\"og:site_name\" content=\"HARPER Amplifier\" \/>\n<meta property=\"article:modified_time\" content=\"2025-11-04T11:00:26+00:00\" \/>\n<meta property=\"og:image\" content=\"http:\/\/harpernew.amplifier.ch\/wp-content\/uploads\/2025\/10\/Silvertube1012_P1a2-674x1024.jpg\" \/>\n<meta name=\"twitter:card\" content=\"summary_large_image\" \/>\n<script type=\"application\/ld+json\" class=\"yoast-schema-graph\">{\"@context\":\"https:\/\/schema.org\",\"@graph\":[{\"@type\":\"WebPage\",\"@id\":\"http:\/\/harpernew.amplifier.ch\/index.php\/harper-guitar-combo\/harper-silvertube-25-1210\/\",\"url\":\"http:\/\/harpernew.amplifier.ch\/index.php\/harper-guitar-combo\/harper-silvertube-25-1210\/\",\"name\":\"HARPER Silvertube 25-12+10 - HARPER Amplifier\",\"isPartOf\":{\"@id\":\"http:\/\/harpernew.amplifier.ch\/#website\"},\"primaryImageOfPage\":{\"@id\":\"http:\/\/harpernew.amplifier.ch\/index.php\/harper-guitar-combo\/harper-silvertube-25-1210\/#primaryimage\"},\"image\":{\"@id\":\"http:\/\/harpernew.amplifier.ch\/index.php\/harper-guitar-combo\/harper-silvertube-25-1210\/#primaryimage\"},\"thumbnailUrl\":\"http:\/\/harpernew.amplifier.ch\/wp-content\/uploads\/2025\/10\/Silvertube1012_P1a2-674x1024.jpg\",\"datePublished\":\"2025-10-16T08:12:25+00:00\",\"dateModified\":\"2025-11-04T11:00:26+00:00\",\"breadcrumb\":{\"@id\":\"http:\/\/harpernew.amplifier.ch\/index.php\/harper-guitar-combo\/harper-silvertube-25-1210\/#breadcrumb\"},\"inLanguage\":\"de-CH\",\"potentialAction\":[{\"@type\":\"ReadAction\",\"target\":[\"http:\/\/harpernew.amplifier.ch\/index.php\/harper-guitar-combo\/harper-silvertube-25-1210\/\"]}]},{\"@type\":\"ImageObject\",\"inLanguage\":\"de-CH\",\"@id\":\"http:\/\/harpernew.amplifier.ch\/index.php\/harper-guitar-combo\/harper-silvertube-25-1210\/#primaryimage\",\"url\":\"http:\/\/harpernew.amplifier.ch\/wp-content\/uploads\/2025\/10\/Silvertube1012_P1a2.jpg\",\"contentUrl\":\"http:\/\/harpernew.amplifier.ch\/wp-content\/uploads\/2025\/10\/Silvertube1012_P1a2.jpg\",\"width\":1181,\"height\":1793},{\"@type\":\"BreadcrumbList\",\"@id\":\"http:\/\/harpernew.amplifier.ch\/index.php\/harper-guitar-combo\/harper-silvertube-25-1210\/#breadcrumb\",\"itemListElement\":[{\"@type\":\"ListItem\",\"position\":1,\"name\":\"Startseite\",\"item\":\"http:\/\/harpernew.amplifier.ch\/\"},{\"@type\":\"ListItem\",\"position\":2,\"name\":\"HARPER Silvertube Mk1\",\"item\":\"http:\/\/harpernew.amplifier.ch\/index.php\/harper-guitar-combo\/\"},{\"@type\":\"ListItem\",\"position\":3,\"name\":\"HARPER Silvertube 25-12+10\"}]},{\"@type\":\"WebSite\",\"@id\":\"http:\/\/harpernew.amplifier.ch\/#website\",\"url\":\"http:\/\/harpernew.amplifier.ch\/\",\"name\":\"HARPER Amplifier\",\"description\":\"Amplifiers aus der Schweiz\",\"publisher\":{\"@id\":\"http:\/\/harpernew.amplifier.ch\/#organization\"},\"potentialAction\":[{\"@type\":\"SearchAction\",\"target\":{\"@type\":\"EntryPoint\",\"urlTemplate\":\"http:\/\/harpernew.amplifier.ch\/?s={search_term_string}\"},\"query-input\":{\"@type\":\"PropertyValueSpecification\",\"valueRequired\":true,\"valueName\":\"search_term_string\"}}],\"inLanguage\":\"de-CH\"},{\"@type\":\"Organization\",\"@id\":\"http:\/\/harpernew.amplifier.ch\/#organization\",\"name\":\"HARPER Amplifier\",\"url\":\"http:\/\/harpernew.amplifier.ch\/\",\"logo\":{\"@type\":\"ImageObject\",\"inLanguage\":\"de-CH\",\"@id\":\"http:\/\/harpernew.amplifier.ch\/#\/schema\/logo\/image\/\",\"url\":\"http:\/\/harpernew.amplifier.ch\/wp-content\/uploads\/2025\/10\/LG_HarperHead.jpg\",\"contentUrl\":\"http:\/\/harpernew.amplifier.ch\/wp-content\/uploads\/2025\/10\/LG_HarperHead.jpg\",\"width\":339,\"height\":75,\"caption\":\"HARPER Amplifier\"},\"image\":{\"@id\":\"http:\/\/harpernew.amplifier.ch\/#\/schema\/logo\/image\/\"}}]}<\/script>\n<!-- \/ Yoast SEO plugin. -->","yoast_head_json":{"title":"HARPER Silvertube 25-12+10 - HARPER Amplifier","robots":{"index":"index","follow":"follow","max-snippet":"max-snippet:-1","max-image-preview":"max-image-preview:large","max-video-preview":"max-video-preview:-1"},"canonical":"http:\/\/harpernew.amplifier.ch\/index.php\/harper-guitar-combo\/harper-silvertube-25-1210\/","og_locale":"de_DE","og_type":"article","og_title":"HARPER Silvertube 25-12+10 - HARPER Amplifier","og_description":"Silvertube 25 &#8211; 12+10R\u00f6hrenverst\u00e4rker f\u00fcr Gitarremit Celestion 10&#8243; und Celestion 12&#8243;ca 25 Watt RMSR\u00f6hren: 2x 12AX7A2X EL84 Frontpanel: 2x Jack Input, Volume, Treble\/ Mid\/ Bass, ReverbBackpanel: AC, Fuse, Power Switch, Ext. Speaker out Geh\u00e4use: Schwarz, TolexMasse: H 74cm \/ B 47cm \/ T 23cmGewicht: 24Kg ArtNr 33-2115 Listenpreis: CHF 980.00","og_url":"http:\/\/harpernew.amplifier.ch\/index.php\/harper-guitar-combo\/harper-silvertube-25-1210\/","og_site_name":"HARPER Amplifier","article_modified_time":"2025-11-04T11:00:26+00:00","og_image":[{"url":"http:\/\/harpernew.amplifier.ch\/wp-content\/uploads\/2025\/10\/Silvertube1012_P1a2-674x1024.jpg","type":"","width":"","height":""}],"twitter_card":"summary_large_image","schema":{"@context":"https:\/\/schema.org","@graph":[{"@type":"WebPage","@id":"http:\/\/harpernew.amplifier.ch\/index.php\/harper-guitar-combo\/harper-silvertube-25-1210\/","url":"http:\/\/harpernew.amplifier.ch\/index.php\/harper-guitar-combo\/harper-silvertube-25-1210\/","name":"HARPER Silvertube 25-12+10 - HARPER Amplifier","isPartOf":{"@id":"http:\/\/harpernew.amplifier.ch\/#website"},"primaryImageOfPage":{"@id":"http:\/\/harpernew.amplifier.ch\/index.php\/harper-guitar-combo\/harper-silvertube-25-1210\/#primaryimage"},"image":{"@id":"http:\/\/harpernew.amplifier.ch\/index.php\/harper-guitar-combo\/harper-silvertube-25-1210\/#primaryimage"},"thumbnailUrl":"http:\/\/harpernew.amplifier.ch\/wp-content\/uploads\/2025\/10\/Silvertube1012_P1a2-674x1024.jpg","datePublished":"2025-10-16T08:12:25+00:00","dateModified":"2025-11-04T11:00:26+00:00","breadcrumb":{"@id":"http:\/\/harpernew.amplifier.ch\/index.php\/harper-guitar-combo\/harper-silvertube-25-1210\/#breadcrumb"},"inLanguage":"de-CH","potentialAction":[{"@type":"ReadAction","target":["http:\/\/harpernew.amplifier.ch\/index.php\/harper-guitar-combo\/harper-silvertube-25-1210\/"]}]},{"@type":"ImageObject","inLanguage":"de-CH","@id":"http:\/\/harpernew.amplifier.ch\/index.php\/harper-guitar-combo\/harper-silvertube-25-1210\/#primaryimage","url":"http:\/\/harpernew.amplifier.ch\/wp-content\/uploads\/2025\/10\/Silvertube1012_P1a2.jpg","contentUrl":"http:\/\/harpernew.amplifier.ch\/wp-content\/uploads\/2025\/10\/Silvertube1012_P1a2.jpg","width":1181,"height":1793},{"@type":"BreadcrumbList","@id":"http:\/\/harpernew.amplifier.ch\/index.php\/harper-guitar-combo\/harper-silvertube-25-1210\/#breadcrumb","itemListElement":[{"@type":"ListItem","position":1,"name":"Startseite","item":"http:\/\/harpernew.amplifier.ch\/"},{"@type":"ListItem","position":2,"name":"HARPER Silvertube Mk1","item":"http:\/\/harpernew.amplifier.ch\/index.php\/harper-guitar-combo\/"},{"@type":"ListItem","position":3,"name":"HARPER Silvertube 25-12+10"}]},{"@type":"WebSite","@id":"http:\/\/harpernew.amplifier.ch\/#website","url":"http:\/\/harpernew.amplifier.ch\/","name":"HARPER Amplifier","description":"Amplifiers aus der Schweiz","publisher":{"@id":"http:\/\/harpernew.amplifier.ch\/#organization"},"potentialAction":[{"@type":"SearchAction","target":{"@type":"EntryPoint","urlTemplate":"http:\/\/harpernew.amplifier.ch\/?s={search_term_string}"},"query-input":{"@type":"PropertyValueSpecification","valueRequired":true,"valueName":"search_term_string"}}],"inLanguage":"de-CH"},{"@type":"Organization","@id":"http:\/\/harpernew.amplifier.ch\/#organization","name":"HARPER Amplifier","url":"http:\/\/harpernew.amplifier.ch\/","logo":{"@type":"ImageObject","inLanguage":"de-CH","@id":"http:\/\/harpernew.amplifier.ch\/#\/schema\/logo\/image\/","url":"http:\/\/harpernew.amplifier.ch\/wp-content\/uploads\/2025\/10\/LG_HarperHead.jpg","contentUrl":"http:\/\/harpernew.amplifier.ch\/wp-content\/uploads\/2025\/10\/LG_HarperHead.jpg","width":339,"height":75,"caption":"HARPER Amplifier"},"image":{"@id":"http:\/\/harpernew.amplifier.ch\/#\/schema\/logo\/image\/"}}]}},"_links":{"self":[{"href":"http:\/\/harpernew.amplifier.ch\/index.php\/wp-json\/wp\/v2\/pages\/115","targetHints":{"allow":["GET"]}}],"collection":[{"href":"http:\/\/harpernew.amplifier.ch\/index.php\/wp-json\/wp\/v2\/pages"}],"about":[{"href":"http:\/\/harpernew.amplifier.ch\/index.php\/wp-json\/wp\/v2\/types\/page"}],"author":[{"embeddable":true,"href":"http:\/\/harpernew.amplifier.ch\/index.php\/wp-json\/wp\/v2\/users\/1"}],"replies":[{"embeddable":true,"href":"http:\/\/harpernew.amplifier.ch\/index.php\/wp-json\/wp\/v2\/comments?post=115"}],"version-history":[{"count":8,"href":"http:\/\/harpernew.amplifier.ch\/index.php\/wp-json\/wp\/v2\/pages\/115\/revisions"}],"predecessor-version":[{"id":296,"href":"http:\/\/harpernew.amplifier.ch\/index.php\/wp-json\/wp\/v2\/pages\/115\/revisions\/296"}],"up":[{"embeddable":true,"href":"http:\/\/harpernew.amplifier.ch\/index.php\/wp-json\/wp\/v2\/pages\/10"}],"wp:attachment":[{"href":"http:\/\/harpernew.amplifier.ch\/index.php\/wp-json\/wp\/v2\/media?parent=115"}],"curies":[{"name":"wp","href":"https:\/\/api.w.org\/{rel}","templated":true}]}}